{"id":909,"date":"2023-10-06T13:11:59","date_gmt":"2023-10-06T11:11:59","guid":{"rendered":"https:\/\/vsneumarkt.ac.at\/?page_id=909"},"modified":"2023-10-17T17:00:38","modified_gmt":"2023-10-17T15:00:38","slug":"klassenarchiv","status":"publish","type":"page","link":"https:\/\/vsneumarkt.ac.at\/?page_id=909","title":{"rendered":"Klassenarchiv"},"content":{"rendered":"\n<p class=\"has-large-font-size\">Schuljahr 2022\/2023<\/p>\n\n\n\n<div class=\"wp-block-media-text alignwide is-stacked-on-mobile\"><figure class=\"wp-block-media-text__media\"><img loading=\"lazy\" decoding=\"async\" width=\"1024\" height=\"726\" src=\"http:\/\/vsneumarkt.ac.at\/wp-content\/uploads\/2022\/11\/210922-0336-1024x726.jpg\" alt=\"1a\" class=\"wp-image-124 size-full\" srcset=\"https:\/\/vsneumarkt.ac.at\/wp-content\/uploads\/2022\/11\/210922-0336-1024x726.jpg 1024w, https:\/\/vsneumarkt.ac.at\/wp-content\/uploads\/2022\/11\/210922-0336-300x213.jpg 300w, https:\/\/vsneumarkt.ac.at\/wp-content\/uploads\/2022\/11\/210922-0336-768x544.jpg 768w, https:\/\/vsneumarkt.ac.at\/wp-content\/uploads\/2022\/11\/210922-0336-1536x1089.jpg 1536w, https:\/\/vsneumarkt.ac.at\/wp-content\/uploads\/2022\/11\/210922-0336-2048x1451.jpg 2048w, https:\/\/vsneumarkt.ac.at\/wp-content\/uploads\/2022\/11\/210922-0336-900x638.jpg 900w, https:\/\/vsneumarkt.ac.at\/wp-content\/uploads\/2022\/11\/210922-0336-1280x907.jpg 1280w\" sizes=\"auto, (max-width: 1024px) 100vw, 1024px\" \/><\/figure><div class=\"wp-block-media-text__content\">\n<p>Klasse 1a<br>Klassenlehrerin: Manuela Schmutzer<br>P\u00e4dagogische Verst\u00e4rkung: Ivett Punz<\/p>\n<\/div><\/div>\n\n\n\n<div class=\"wp-block-media-text alignwide is-stacked-on-mobile\"><figure class=\"wp-block-media-text__media\"><img loading=\"lazy\" decoding=\"async\" width=\"1024\" height=\"726\" src=\"http:\/\/vsneumarkt.ac.at\/wp-content\/uploads\/2022\/11\/210922-0576-1024x726.jpg\" alt=\"1b\" class=\"wp-image-125 size-full\" srcset=\"https:\/\/vsneumarkt.ac.at\/wp-content\/uploads\/2022\/11\/210922-0576-1024x726.jpg 1024w, https:\/\/vsneumarkt.ac.at\/wp-content\/uploads\/2022\/11\/210922-0576-300x213.jpg 300w, https:\/\/vsneumarkt.ac.at\/wp-content\/uploads\/2022\/11\/210922-0576-768x544.jpg 768w, https:\/\/vsneumarkt.ac.at\/wp-content\/uploads\/2022\/11\/210922-0576-1536x1089.jpg 1536w, https:\/\/vsneumarkt.ac.at\/wp-content\/uploads\/2022\/11\/210922-0576-2048x1451.jpg 2048w, https:\/\/vsneumarkt.ac.at\/wp-content\/uploads\/2022\/11\/210922-0576-900x638.jpg 900w, https:\/\/vsneumarkt.ac.at\/wp-content\/uploads\/2022\/11\/210922-0576-1280x907.jpg 1280w\" sizes=\"auto, (max-width: 1024px) 100vw, 1024px\" \/><\/figure><div class=\"wp-block-media-text__content\">\n<p>Klasse 1b<br>Klassenlehrerin: Elisabeth Ebner<br>P\u00e4dagogische Verst\u00e4rkung: Ivett Punz<\/p>\n<\/div><\/div>\n\n\n\n<div class=\"wp-block-media-text alignwide is-stacked-on-mobile\"><figure class=\"wp-block-media-text__media\"><img loading=\"lazy\" decoding=\"async\" width=\"1024\" height=\"726\" src=\"http:\/\/vsneumarkt.ac.at\/wp-content\/uploads\/2022\/11\/210922-0594-1024x726.jpg\" alt=\"\" class=\"wp-image-28 size-full\" srcset=\"https:\/\/vsneumarkt.ac.at\/wp-content\/uploads\/2022\/11\/210922-0594-1024x726.jpg 1024w, https:\/\/vsneumarkt.ac.at\/wp-content\/uploads\/2022\/11\/210922-0594-300x213.jpg 300w, https:\/\/vsneumarkt.ac.at\/wp-content\/uploads\/2022\/11\/210922-0594-768x544.jpg 768w, https:\/\/vsneumarkt.ac.at\/wp-content\/uploads\/2022\/11\/210922-0594-1536x1089.jpg 1536w, https:\/\/vsneumarkt.ac.at\/wp-content\/uploads\/2022\/11\/210922-0594-2048x1451.jpg 2048w\" sizes=\"auto, (max-width: 1024px) 100vw, 1024px\" \/><\/figure><div class=\"wp-block-media-text__content\">\n<p>Klasse 2a<br>Klassenlehrerin: Annelies Ungerb\u00f6ck<\/p>\n\n\n\n<p><\/p>\n\n\n\n<p><\/p>\n<\/div><\/div>\n\n\n\n<div class=\"wp-block-media-text alignwide is-stacked-on-mobile\"><figure class=\"wp-block-media-text__media\"><img loading=\"lazy\" decoding=\"async\" width=\"1024\" height=\"726\" src=\"http:\/\/vsneumarkt.ac.at\/wp-content\/uploads\/2023\/08\/Klasse-2Ma_bearbeitet_2022_23-1024x726.jpg\" alt=\"\" class=\"wp-image-559 size-full\" srcset=\"https:\/\/vsneumarkt.ac.at\/wp-content\/uploads\/2023\/08\/Klasse-2Ma_bearbeitet_2022_23-1024x726.jpg 1024w, https:\/\/vsneumarkt.ac.at\/wp-content\/uploads\/2023\/08\/Klasse-2Ma_bearbeitet_2022_23-300x213.jpg 300w, https:\/\/vsneumarkt.ac.at\/wp-content\/uploads\/2023\/08\/Klasse-2Ma_bearbeitet_2022_23-768x544.jpg 768w, https:\/\/vsneumarkt.ac.at\/wp-content\/uploads\/2023\/08\/Klasse-2Ma_bearbeitet_2022_23-1536x1089.jpg 1536w, https:\/\/vsneumarkt.ac.at\/wp-content\/uploads\/2023\/08\/Klasse-2Ma_bearbeitet_2022_23-2048x1451.jpg 2048w, https:\/\/vsneumarkt.ac.at\/wp-content\/uploads\/2023\/08\/Klasse-2Ma_bearbeitet_2022_23-900x638.jpg 900w, https:\/\/vsneumarkt.ac.at\/wp-content\/uploads\/2023\/08\/Klasse-2Ma_bearbeitet_2022_23-1280x907.jpg 1280w\" sizes=\"auto, (max-width: 1024px) 100vw, 1024px\" \/><\/figure><div class=\"wp-block-media-text__content\">\n<p>Klasse 2Ma<br>Klassenlehrerin: Evelyn Derflinger<\/p>\n<\/div><\/div>\n\n\n\n<div class=\"wp-block-media-text alignwide is-stacked-on-mobile\"><figure class=\"wp-block-media-text__media\"><img loading=\"lazy\" decoding=\"async\" width=\"1024\" height=\"726\" src=\"http:\/\/vsneumarkt.ac.at\/wp-content\/uploads\/2022\/11\/210922-0759-1-1024x726.jpg\" alt=\"\" class=\"wp-image-127 size-full\" srcset=\"https:\/\/vsneumarkt.ac.at\/wp-content\/uploads\/2022\/11\/210922-0759-1-1024x726.jpg 1024w, https:\/\/vsneumarkt.ac.at\/wp-content\/uploads\/2022\/11\/210922-0759-1-300x213.jpg 300w, https:\/\/vsneumarkt.ac.at\/wp-content\/uploads\/2022\/11\/210922-0759-1-768x544.jpg 768w, https:\/\/vsneumarkt.ac.at\/wp-content\/uploads\/2022\/11\/210922-0759-1-1536x1089.jpg 1536w, https:\/\/vsneumarkt.ac.at\/wp-content\/uploads\/2022\/11\/210922-0759-1-2048x1451.jpg 2048w, https:\/\/vsneumarkt.ac.at\/wp-content\/uploads\/2022\/11\/210922-0759-1-900x638.jpg 900w, https:\/\/vsneumarkt.ac.at\/wp-content\/uploads\/2022\/11\/210922-0759-1-1280x907.jpg 1280w\" sizes=\"auto, (max-width: 1024px) 100vw, 1024px\" \/><\/figure><div class=\"wp-block-media-text__content\">\n<p>Klasse 3a<br>Klassenlehrerin: Alexandra Stadler<br>Lehrerin: Maria Aigner<\/p>\n\n\n\n<p><\/p>\n<\/div><\/div>\n\n\n\n<div class=\"wp-block-media-text alignwide is-stacked-on-mobile\"><figure class=\"wp-block-media-text__media\"><img loading=\"lazy\" decoding=\"async\" width=\"1024\" height=\"726\" src=\"http:\/\/vsneumarkt.ac.at\/wp-content\/uploads\/2022\/11\/210922-1021-1024x726.jpg\" alt=\"\" class=\"wp-image-129 size-full\" srcset=\"https:\/\/vsneumarkt.ac.at\/wp-content\/uploads\/2022\/11\/210922-1021-1024x726.jpg 1024w, https:\/\/vsneumarkt.ac.at\/wp-content\/uploads\/2022\/11\/210922-1021-300x213.jpg 300w, https:\/\/vsneumarkt.ac.at\/wp-content\/uploads\/2022\/11\/210922-1021-768x544.jpg 768w, https:\/\/vsneumarkt.ac.at\/wp-content\/uploads\/2022\/11\/210922-1021-1536x1089.jpg 1536w, https:\/\/vsneumarkt.ac.at\/wp-content\/uploads\/2022\/11\/210922-1021-2048x1451.jpg 2048w, https:\/\/vsneumarkt.ac.at\/wp-content\/uploads\/2022\/11\/210922-1021-900x638.jpg 900w, https:\/\/vsneumarkt.ac.at\/wp-content\/uploads\/2022\/11\/210922-1021-1280x907.jpg 1280w\" sizes=\"auto, (max-width: 1024px) 100vw, 1024px\" \/><\/figure><div class=\"wp-block-media-text__content\">\n<p>Klasse 3Ma<br>Klassenlehrerin: Magdalena Kromoser<\/p>\n\n\n\n<p><\/p>\n<\/div><\/div>\n\n\n\n<div class=\"wp-block-media-text alignwide is-stacked-on-mobile\"><figure class=\"wp-block-media-text__media\"><img loading=\"lazy\" decoding=\"async\" width=\"1024\" height=\"726\" src=\"http:\/\/vsneumarkt.ac.at\/wp-content\/uploads\/2023\/08\/Klasse-4a_bearbeitet_2022_23-1024x726.jpg\" alt=\"\" class=\"wp-image-560 size-full\" srcset=\"https:\/\/vsneumarkt.ac.at\/wp-content\/uploads\/2023\/08\/Klasse-4a_bearbeitet_2022_23-1024x726.jpg 1024w, https:\/\/vsneumarkt.ac.at\/wp-content\/uploads\/2023\/08\/Klasse-4a_bearbeitet_2022_23-300x213.jpg 300w, https:\/\/vsneumarkt.ac.at\/wp-content\/uploads\/2023\/08\/Klasse-4a_bearbeitet_2022_23-768x544.jpg 768w, https:\/\/vsneumarkt.ac.at\/wp-content\/uploads\/2023\/08\/Klasse-4a_bearbeitet_2022_23-1536x1089.jpg 1536w, https:\/\/vsneumarkt.ac.at\/wp-content\/uploads\/2023\/08\/Klasse-4a_bearbeitet_2022_23-2048x1451.jpg 2048w, https:\/\/vsneumarkt.ac.at\/wp-content\/uploads\/2023\/08\/Klasse-4a_bearbeitet_2022_23-900x638.jpg 900w, https:\/\/vsneumarkt.ac.at\/wp-content\/uploads\/2023\/08\/Klasse-4a_bearbeitet_2022_23-1280x907.jpg 1280w\" sizes=\"auto, (max-width: 1024px) 100vw, 1024px\" \/><\/figure><div class=\"wp-block-media-text__content\">\n<p>Klasse 4a<br>Klassenlehrerin: Maria Amon<\/p>\n\n\n\n<p><\/p>\n<\/div><\/div>\n\n\n\n\n\n<p class=\"has-small-font-size\"><a href=\"https:\/\/vsneumarkt.ac.at\/?page_id=101\" data-type=\"page\" data-id=\"101\">zur\u00fcck zum aktuellen Schuljahr&#8230; <\/a><\/p>\n\n\n\n<p class=\"has-small-font-size\"><a href=\"http:\/\/vsneumarkt.ac.at\/?page_id=101\">nach oben&#8230;<\/a><\/p>\n\n\n\n<p class=\"has-small-font-size\"><a href=\"http:\/\/vsneumarkt.ac.at\/\">Starseite&#8230;<\/a><\/p>\n","protected":false},"excerpt":{"rendered":"<p>Schuljahr 2022\/2023 Klasse 1aKlassenlehrerin: Manuela SchmutzerP\u00e4dagogische Verst\u00e4rkung: Ivett Punz Klasse 1bKlassenlehrerin: Elisabeth EbnerP\u00e4dagogische Verst\u00e4rkung: Ivett Punz Klasse 2aKlassenlehrerin: Annelies Ungerb\u00f6ck Klasse 2MaKlassenlehrerin: Evelyn Derflinger Klasse 3aKlassenlehrerin: Alexandra StadlerLehrerin: Maria Aigner Klasse 3MaKlassenlehrerin: Magdalena Kromoser Klasse 4aKlassenlehrerin: Maria Amon zur\u00fcck zum aktuellen Schuljahr&#8230; nach oben&#8230; Starseite&#8230;<\/p>\n","protected":false},"author":1,"featured_media":0,"parent":0,"menu_order":0,"comment_status":"closed","ping_status":"closed","template":"","meta":{"ngg_post_thumbnail":0,"footnotes":""},"class_list":["post-909","page","type-page","status-publish","hentry"],"_links":{"self":[{"href":"https:\/\/vsneumarkt.ac.at\/index.php?rest_route=\/wp\/v2\/pages\/909","targetHints":{"allow":["GET"]}}],"collection":[{"href":"https:\/\/vsneumarkt.ac.at\/index.php?rest_route=\/wp\/v2\/pages"}],"about":[{"href":"https:\/\/vsneumarkt.ac.at\/index.php?rest_route=\/wp\/v2\/types\/page"}],"author":[{"embeddable":true,"href":"https:\/\/vsneumarkt.ac.at\/index.php?rest_route=\/wp\/v2\/users\/1"}],"replies":[{"embeddable":true,"href":"https:\/\/vsneumarkt.ac.at\/index.php?rest_route=%2Fwp%2Fv2%2Fcomments&post=909"}],"version-history":[{"count":6,"href":"https:\/\/vsneumarkt.ac.at\/index.php?rest_route=\/wp\/v2\/pages\/909\/revisions"}],"predecessor-version":[{"id":1054,"href":"https:\/\/vsneumarkt.ac.at\/index.php?rest_route=\/wp\/v2\/pages\/909\/revisions\/1054"}],"wp:attachment":[{"href":"https:\/\/vsneumarkt.ac.at\/index.php?rest_route=%2Fwp%2Fv2%2Fmedia&parent=909"}],"curies":[{"name":"wp","href":"https:\/\/api.w.org\/{rel}","templated":true}]}}