{"id":183,"date":"2023-02-07T10:10:23","date_gmt":"2023-02-07T09:10:23","guid":{"rendered":"http:\/\/vsneumarkt.ac.at\/?page_id=183"},"modified":"2023-10-10T12:49:33","modified_gmt":"2023-10-10T10:49:33","slug":"chronik","status":"publish","type":"page","link":"https:\/\/vsneumarkt.ac.at\/?page_id=183","title":{"rendered":"Chronik"},"content":{"rendered":"\n<h2 class=\"wp-block-heading\">2012 &#8211; 2014<\/h2>\n\n\n\n<p>Nach einer intensiven Planungsarbeit wurde im M\u00e4rz 2013 der Umbau des Schulgeb\u00e4udes unter Frau Direktor Gerstl Christine und Herrn B\u00fcrgermeister Otto J\u00e4ger begonnen. Die Ausr\u00e4um &#8211; und Umbaut\u00e4tigkeiten wurden tatkr\u00e4ftig durch die Eltern und das Lehrerteam unterst\u00fctzt, da viele Schulsachen in Containern zwischengelagert werden mussten.\u00a0<\/p>\n\n\n\n<p>Der Unterricht wurde bis zum Schulschluss 2013 trotz vieler Baut\u00e4tigkeiten im Nebentrakt ohne Unterbrechung durchgef\u00fchrt. In der letzten Ferienwoche 2013 konnte die Schule wieder bezogen werden und die Container wurden mit vereinten Kr\u00e4ften vieler Helfer und Helferinnen der Gemeinde wieder ausger\u00e4umt.<\/p>\n\n\n\n<p>Nach intensiven Baut\u00e4tigkeiten wurden die Umbauarbeiten im Herbst 2013 fertig gestellt und auch der neue Turnsaal konnte im Dezember wieder ben\u00fctzt werden. <\/p>\n\n\n\n<h2 class=\"wp-block-heading\">1992 &#8211; 2000<\/h2>\n\n\n\n<p>Die brachliegende Schulwiese wurde in Eigenregie und unter tatkr\u00e4ftiger Mithilfe engagierter Eltern zu einem Unterrichts-, Bewegungs- und Lern- und Lehrgarten umfunktioniert. Die Schule nahm am Landesjugendsingen in Wien teil. In Anerkennung des Schulgartenprojektes wurde der Umweltpreis durch das Land N\u00d6 verliehen. Zudem fand das erste Schulgartenfest statt. 1993 veranstaltet die VS Neumarkt das erste Schulfaschingstreiben am Faschingdienstag. 1994 nahmen unsere Sch\u00fcler an einem Tanzfestival in St.P\u00f6lten teil. Zum ersten Mal sangen und musizierten die Sch\u00fcler zum Schein der Kerzen des Adventkranzes. 1995 beschert einen Schulzubau: 2 neue Klassen, eine Zentralgarderobe, eine Kanzlei und ein Lehrmittelzimmer. 1. Teilnahme am Bezirksjugendsingen in Persenbeug, 1. Teilnahme am Mike-Cup, Einf\u00fchrung des Schwimmkurses f\u00fcr die Sch\u00fcler der 3. Klasse. 1996 Preistr\u00e4ger eines EVN- Gewinnspieles. Unsere Schule wird Landesmeister im Mike-Cup 1997 Mike-Cup-Finale in Neumarkt. Zu Gast an der VS Neumarkt das Waidhofner Jugendstreichorchester. Das Sch\u00fclerwerk &#8220;Drent bei der Ybbs&#8221; (Text und Melodie) bringt einen Preis und die Ver\u00f6ffentlichung dieses Liedes. 1998 Urauff\u00fchrung des Kindermusicals &#8220;Schneewittchen&#8221; von R. Heninger. 1. Preis der Umweltberatung N\u00d6. Einf\u00fchrung der Lesenacht zusammen mit dem alten Brauch des K\u00fcrbisschnitzens f\u00fcr die Sch\u00fcler der 4. Klasse. Sieger im \u00d63-Fotowettbewerb.<\/p>\n\n\n\n<h2 class=\"wp-block-heading\">1981 &#8211; 1991<\/h2>\n\n\n\n<p>1981 feiert die Schule unter der Leitung von OSR VD August Stelzeneder ihr 20-j\u00e4hriges Schuljubil\u00e4um. Am 1. J\u00e4nner 1990 bekommt VOL Reinhard Heninger aus Golling die Leitung der Schule \u00fcbertragen. Einf\u00fchrung des Schulversuches &#8220;Musikvolksschule&#8221; und der unverbindlichen \u00dcbung &#8220;Gesunde Ern\u00e4hrung&#8221;. Die ehemalige Schulleiterwohnung wird zu diesem Zweck zur Schulk\u00fcche umgebaut.<\/p>\n\n\n\n<h2 class=\"wp-block-heading\">1881- 1980<\/h2>\n\n\n\n<p>\u00dcbersiedlung des Schulbetriebes in das Mauthaus Nr. 7, den ehemaligen Sitz der Herrschaft von Karlsbach, heutiges Rathaus. 1956: Erstmalig gehen Sch\u00fcler nach der 4. Klasse an Hauptschulen weiter &#8211; HS Ybbs, HS Amstetten, Klosterhauptschule Amstetten, HS Steinakirchen, HS Wieselburg und HS Blindenmarkt. Einf\u00fchrung der Schulmilchaktion. Errichtung des heutigen Schulhauses, das bereits am 22. Oktober 1961 seiner Bestimmung \u00fcbergeben wird. Die feierliche Einweihung findet erst nach Fertigstellung des Turnsaales am 23. Juni 1963 unter Beisein des damaligen Landeshauptmannes Leopold Figl statt. 1381-1881 Erste Urkundliche Erw\u00e4hnung: Im Pfarrhaus wurde der Unterreicht erteilt. Da bisher wenige Kinder die Schule besuchten, wurde am 13.Juni 1775 angeordnet, dass die Ministrantenknaben die Schule besuchen m\u00fcssen und w\u00e4hrend der Schulzeit den Wirten verboten wurde, die Kinder zu besch\u00e4ftigen. 1790 wurden Schulzeugnisse eingef\u00fchrt. Wiederaufbau des Schulhauses wurde in Angriff genommen, da der ganze Ort in Brand gesteckt wurde, durch die mit Bayern verb\u00fcndeten Franzosen. Die Leitung wurde dem Ortsgeistlichen \u00fcbergeben. 1864 wurde der erste Schulausschuss gew\u00e4hlt.<\/p>\n\n\n\n<p class=\"has-small-font-size\"><a href=\"http:\/\/vs.neumarkt.ac.at\">Startseite&#8230;<\/a><\/p>\n","protected":false},"excerpt":{"rendered":"<p>2012 &#8211; 2014 Nach einer intensiven Planungsarbeit wurde im M\u00e4rz 2013 der Umbau des Schulgeb\u00e4udes unter Frau Direktor Gerstl Christine und Herrn B\u00fcrgermeister Otto J\u00e4ger begonnen. Die Ausr\u00e4um &#8211; und Umbaut\u00e4tigkeiten wurden tatkr\u00e4ftig durch die Eltern und das Lehrerteam unterst\u00fctzt, da viele Schulsachen in Containern zwischengelagert werden mussten.\u00a0 Der Unterricht wurde bis zum Schulschluss 2013 [&hellip;]<\/p>\n","protected":false},"author":1,"featured_media":0,"parent":0,"menu_order":0,"comment_status":"closed","ping_status":"closed","template":"","meta":{"ngg_post_thumbnail":0,"footnotes":""},"class_list":["post-183","page","type-page","status-publish","hentry"],"_links":{"self":[{"href":"https:\/\/vsneumarkt.ac.at\/index.php?rest_route=\/wp\/v2\/pages\/183","targetHints":{"allow":["GET"]}}],"collection":[{"href":"https:\/\/vsneumarkt.ac.at\/index.php?rest_route=\/wp\/v2\/pages"}],"about":[{"href":"https:\/\/vsneumarkt.ac.at\/index.php?rest_route=\/wp\/v2\/types\/page"}],"author":[{"embeddable":true,"href":"https:\/\/vsneumarkt.ac.at\/index.php?rest_route=\/wp\/v2\/users\/1"}],"replies":[{"embeddable":true,"href":"https:\/\/vsneumarkt.ac.at\/index.php?rest_route=%2Fwp%2Fv2%2Fcomments&post=183"}],"version-history":[{"count":8,"href":"https:\/\/vsneumarkt.ac.at\/index.php?rest_route=\/wp\/v2\/pages\/183\/revisions"}],"predecessor-version":[{"id":1030,"href":"https:\/\/vsneumarkt.ac.at\/index.php?rest_route=\/wp\/v2\/pages\/183\/revisions\/1030"}],"wp:attachment":[{"href":"https:\/\/vsneumarkt.ac.at\/index.php?rest_route=%2Fwp%2Fv2%2Fmedia&parent=183"}],"curies":[{"name":"wp","href":"https:\/\/api.w.org\/{rel}","templated":true}]}}