{"id":17,"date":"2022-11-18T14:01:01","date_gmt":"2022-11-18T13:01:01","guid":{"rendered":"http:\/\/vsneumarkt.ac.at\/?page_id=17"},"modified":"2025-10-02T14:51:56","modified_gmt":"2025-10-02T12:51:56","slug":"schule","status":"publish","type":"page","link":"https:\/\/vsneumarkt.ac.at\/","title":{"rendered":"Start"},"content":{"rendered":"\n<p class=\"has-large-font-size\">Herzlich willkommen auf der Website unserer Musikvolksschule!<\/p>\n\n\n\n<p class=\"has-large-font-size\"><mark style=\"background-color:rgba(0, 0, 0, 0)\" class=\"has-inline-color has-accent-color\">Schulleben<\/mark><\/p>\n\n\n\n<p>Unsere Schule soll ein Ort zum Wohlf\u00fchlen sein. Wir wollen in unseren Sch\u00fclerinnen und Sch\u00fclern die Freude und das Interesse am Lernen durch spielerischen, offenen und projektorientierten Unterricht wecken und erhalten. <\/p>\n\n\n\n<p>Als Musikvolksschule stehen bei uns das Singen, Musizieren, Tanzen und der Rhythmus hoch im Kurs. Neugier, Geschicklichkeit und Freude an Musik werden gef\u00f6rdert.<\/p>\n\n\n\n<p>Wir wollen den Kindern Halt und Zuwendung geben, Mut machen und emotionales Wohlbefinden f\u00f6rdern. <\/p>\n\n\n\n<p><\/p>\n\n\n\n<figure class=\"wp-block-gallery has-nested-images columns-default is-cropped wp-block-gallery-1 is-layout-flex wp-block-gallery-is-layout-flex\">\n<figure class=\"wp-block-image size-large\"><img loading=\"lazy\" decoding=\"async\" width=\"1024\" height=\"768\" data-id=\"375\" src=\"http:\/\/vsneumarkt.ac.at\/wp-content\/uploads\/2023\/07\/Eingang-1-1024x768.jpg\" alt=\"\" class=\"wp-image-375\" srcset=\"https:\/\/vsneumarkt.ac.at\/wp-content\/uploads\/2023\/07\/Eingang-1-1024x768.jpg 1024w, https:\/\/vsneumarkt.ac.at\/wp-content\/uploads\/2023\/07\/Eingang-1-300x225.jpg 300w, https:\/\/vsneumarkt.ac.at\/wp-content\/uploads\/2023\/07\/Eingang-1-768x576.jpg 768w, https:\/\/vsneumarkt.ac.at\/wp-content\/uploads\/2023\/07\/Eingang-1-1536x1152.jpg 1536w, https:\/\/vsneumarkt.ac.at\/wp-content\/uploads\/2023\/07\/Eingang-1-900x675.jpg 900w, https:\/\/vsneumarkt.ac.at\/wp-content\/uploads\/2023\/07\/Eingang-1-1280x960.jpg 1280w, https:\/\/vsneumarkt.ac.at\/wp-content\/uploads\/2023\/07\/Eingang-1.jpg 2016w\" sizes=\"auto, (max-width: 1024px) 100vw, 1024px\" \/><\/figure>\n\n\n\n<figure class=\"wp-block-image size-large\"><img loading=\"lazy\" decoding=\"async\" width=\"768\" height=\"1024\" data-id=\"379\" src=\"http:\/\/vsneumarkt.ac.at\/wp-content\/uploads\/2023\/07\/frontseite-2-768x1024.jpg\" alt=\"\" class=\"wp-image-379\" srcset=\"https:\/\/vsneumarkt.ac.at\/wp-content\/uploads\/2023\/07\/frontseite-2-768x1024.jpg 768w, https:\/\/vsneumarkt.ac.at\/wp-content\/uploads\/2023\/07\/frontseite-2-225x300.jpg 225w, https:\/\/vsneumarkt.ac.at\/wp-content\/uploads\/2023\/07\/frontseite-2-1152x1536.jpg 1152w, https:\/\/vsneumarkt.ac.at\/wp-content\/uploads\/2023\/07\/frontseite-2-900x1200.jpg 900w, https:\/\/vsneumarkt.ac.at\/wp-content\/uploads\/2023\/07\/frontseite-2-1280x1707.jpg 1280w, https:\/\/vsneumarkt.ac.at\/wp-content\/uploads\/2023\/07\/frontseite-2.jpg 1512w\" sizes=\"auto, (max-width: 768px) 100vw, 768px\" \/><\/figure>\n\n\n\n<figure class=\"wp-block-image size-large\"><img loading=\"lazy\" decoding=\"async\" width=\"1024\" height=\"768\" data-id=\"377\" src=\"http:\/\/vsneumarkt.ac.at\/wp-content\/uploads\/2023\/07\/Schule-3-1024x768.jpg\" alt=\"\" class=\"wp-image-377\" srcset=\"https:\/\/vsneumarkt.ac.at\/wp-content\/uploads\/2023\/07\/Schule-3-1024x768.jpg 1024w, https:\/\/vsneumarkt.ac.at\/wp-content\/uploads\/2023\/07\/Schule-3-300x225.jpg 300w, https:\/\/vsneumarkt.ac.at\/wp-content\/uploads\/2023\/07\/Schule-3-768x576.jpg 768w, https:\/\/vsneumarkt.ac.at\/wp-content\/uploads\/2023\/07\/Schule-3-1536x1152.jpg 1536w, https:\/\/vsneumarkt.ac.at\/wp-content\/uploads\/2023\/07\/Schule-3-900x675.jpg 900w, https:\/\/vsneumarkt.ac.at\/wp-content\/uploads\/2023\/07\/Schule-3-1280x960.jpg 1280w, https:\/\/vsneumarkt.ac.at\/wp-content\/uploads\/2023\/07\/Schule-3.jpg 2016w\" sizes=\"auto, (max-width: 1024px) 100vw, 1024px\" \/><\/figure>\n<\/figure>\n\n\n\n<hr class=\"wp-block-separator has-alpha-channel-opacity\"\/>\n\n\n\n<h2 class=\"wp-block-heading\" id=\"Aktuelles-Startseite\"><a href=\"http:\/\/vsneumarkt.ac.at\/?page_id=155\" data-type=\"page\" data-id=\"155\">Aktuelles<\/a><\/h2>\n\n\n\n<div class=\"wp-block-group\"><div class=\"wp-block-group__inner-container is-layout-constrained wp-block-group-is-layout-constrained\">\n<div class=\"wp-block-columns is-layout-flex wp-container-core-columns-is-layout-9d6595d7 wp-block-columns-is-layout-flex\">\n<div class=\"wp-block-column is-layout-flow wp-block-column-is-layout-flow\" style=\"flex-basis:100%\">\n<div class=\"wp-block-group\"><div class=\"wp-block-group__inner-container is-layout-constrained wp-block-group-is-layout-constrained\"><ul class=\"wp-block-latest-posts__list is-grid columns-3 wp-block-latest-posts\"><li><div class=\"wp-block-latest-posts__featured-image\"><a href=\"https:\/\/vsneumarkt.ac.at\/?p=2345\" aria-label=\"Landesjugendsingen Grafenegg\"><img loading=\"lazy\" decoding=\"async\" width=\"150\" height=\"150\" src=\"https:\/\/vsneumarkt.ac.at\/wp-content\/uploads\/2026\/04\/Landesjugendsingen2-150x150.jpg\" class=\"attachment-thumbnail size-thumbnail wp-post-image\" alt=\"\" style=\"\" srcset=\"https:\/\/vsneumarkt.ac.at\/wp-content\/uploads\/2026\/04\/Landesjugendsingen2-150x150.jpg 150w, https:\/\/vsneumarkt.ac.at\/wp-content\/uploads\/2026\/04\/Landesjugendsingen2-88x88.jpg 88w\" sizes=\"auto, (max-width: 150px) 100vw, 150px\" \/><\/a><\/div><a class=\"wp-block-latest-posts__post-title\" href=\"https:\/\/vsneumarkt.ac.at\/?p=2345\">Landesjugendsingen Grafenegg<\/a><div class=\"wp-block-latest-posts__post-excerpt\">Die Volksschule Neumarkt nahm mit ihrem Chor \u201eSonnenklang\u201c am Landesjugendsingen in Grafenegg teil. Unsere Sch\u00fclerinnen und Sch\u00fcler begeisterten mit ihrem Auftritt und zeigten gro\u00dfe Freude\u2026\u00a0<a class=\"wp-block-latest-posts__read-more\" href=\"https:\/\/vsneumarkt.ac.at\/?p=2345\" rel=\"noopener noreferrer\"><span class=\"screen-reader-text\">Landesjugendsingen Grafenegg <\/span>weiterlesen<\/a><\/div><\/li>\n<li><div class=\"wp-block-latest-posts__featured-image\"><a href=\"https:\/\/vsneumarkt.ac.at\/?p=2336\" aria-label=\"Cyberkids Elternabend\"><img loading=\"lazy\" decoding=\"async\" width=\"150\" height=\"150\" src=\"https:\/\/vsneumarkt.ac.at\/wp-content\/uploads\/2026\/04\/K1024_83edc5a8-9e65-4c3e-8493-10b3f4c87650-150x150.jpg\" class=\"attachment-thumbnail size-thumbnail wp-post-image\" alt=\"\" style=\"\" srcset=\"https:\/\/vsneumarkt.ac.at\/wp-content\/uploads\/2026\/04\/K1024_83edc5a8-9e65-4c3e-8493-10b3f4c87650-150x150.jpg 150w, https:\/\/vsneumarkt.ac.at\/wp-content\/uploads\/2026\/04\/K1024_83edc5a8-9e65-4c3e-8493-10b3f4c87650-88x88.jpg 88w\" sizes=\"auto, (max-width: 150px) 100vw, 150px\" \/><\/a><\/div><a class=\"wp-block-latest-posts__post-title\" href=\"https:\/\/vsneumarkt.ac.at\/?p=2336\">Cyberkids Elternabend<\/a><div class=\"wp-block-latest-posts__post-excerpt\">Im Rahmen des Pr\u00e4ventionsprogramms Cyberkids fand ein informativer Elternabend statt. Dabei erhielten Eltern wertvolle Einblicke in die digitale Lebenswelt ihrer Kinder sowie praktische Tipps f\u00fcr\u2026\u00a0<a class=\"wp-block-latest-posts__read-more\" href=\"https:\/\/vsneumarkt.ac.at\/?p=2336\" rel=\"noopener noreferrer\"><span class=\"screen-reader-text\">Cyberkids Elternabend <\/span>weiterlesen<\/a><\/div><\/li>\n<li><div class=\"wp-block-latest-posts__featured-image\"><a href=\"https:\/\/vsneumarkt.ac.at\/?p=2323\" aria-label=\"\u00d6sterreichischer Vorlesetag\"><img loading=\"lazy\" decoding=\"async\" width=\"150\" height=\"150\" src=\"https:\/\/vsneumarkt.ac.at\/wp-content\/uploads\/2026\/04\/K1024_IMG_2683-150x150.jpg\" class=\"attachment-thumbnail size-thumbnail wp-post-image\" alt=\"\" style=\"\" srcset=\"https:\/\/vsneumarkt.ac.at\/wp-content\/uploads\/2026\/04\/K1024_IMG_2683-150x150.jpg 150w, https:\/\/vsneumarkt.ac.at\/wp-content\/uploads\/2026\/04\/K1024_IMG_2683-88x88.jpg 88w\" sizes=\"auto, (max-width: 150px) 100vw, 150px\" \/><\/a><\/div><a class=\"wp-block-latest-posts__post-title\" href=\"https:\/\/vsneumarkt.ac.at\/?p=2323\">\u00d6sterreichischer Vorlesetag<\/a><div class=\"wp-block-latest-posts__post-excerpt\">Die 3. Klassen lasen den Kindern der 1. Klassen am \u00f6sterreichischen Vorlesetag ein Bilderbuch zum Thema &#8220;Fr\u00fchling&#8221; vor. In gem\u00fctlicher Atmosph\u00e4re wurde gemeinsam gelesen, zugeh\u00f6rt\u2026\u00a0<a class=\"wp-block-latest-posts__read-more\" href=\"https:\/\/vsneumarkt.ac.at\/?p=2323\" rel=\"noopener noreferrer\"><span class=\"screen-reader-text\">\u00d6sterreichischer Vorlesetag <\/span>weiterlesen<\/a><\/div><\/li>\n<\/ul><\/div><\/div>\n<\/div>\n<\/div>\n<\/div><\/div>\n\n\n\n<hr class=\"wp-block-separator has-alpha-channel-opacity\"\/>\n\n\n\n<h2 class=\"wp-block-heading\"><a href=\"http:\/\/vsneumarkt.ac.at\/?page_id=39\" data-type=\"page\" data-id=\"39\">Team<\/a><\/h2>\n\n\n\n<figure class=\"wp-block-image size-large wp-duotone-unset-2\"><img loading=\"lazy\" decoding=\"async\" width=\"1024\" height=\"683\" src=\"https:\/\/vsneumarkt.ac.at\/wp-content\/uploads\/2025\/10\/K1600_230925-0702-1024x683.jpg\" alt=\"\" class=\"wp-image-2102\" srcset=\"https:\/\/vsneumarkt.ac.at\/wp-content\/uploads\/2025\/10\/K1600_230925-0702-1024x683.jpg 1024w, https:\/\/vsneumarkt.ac.at\/wp-content\/uploads\/2025\/10\/K1600_230925-0702-300x200.jpg 300w, https:\/\/vsneumarkt.ac.at\/wp-content\/uploads\/2025\/10\/K1600_230925-0702-768x512.jpg 768w, https:\/\/vsneumarkt.ac.at\/wp-content\/uploads\/2025\/10\/K1600_230925-0702-1536x1024.jpg 1536w, https:\/\/vsneumarkt.ac.at\/wp-content\/uploads\/2025\/10\/K1600_230925-0702-900x600.jpg 900w, https:\/\/vsneumarkt.ac.at\/wp-content\/uploads\/2025\/10\/K1600_230925-0702.jpg 1800w\" sizes=\"auto, (max-width: 1024px) 100vw, 1024px\" \/><\/figure>\n\n\n\n<hr class=\"wp-block-separator has-alpha-channel-opacity\"\/>\n\n\n\n<p class=\"has-text-align-center\" style=\"font-size:22px\">Viel Freude beim Durchst\u00f6bern unserer Website!<\/p>\n\n\n\n<p class=\"has-small-font-size\"><a href=\"http:\/\/vsneumarkt.ac.at\/\" data-type=\"page\" data-id=\"17\">nach oben&#8230;<\/a><\/p>\n","protected":false},"excerpt":{"rendered":"<p>Herzlich willkommen auf der Website unserer Musikvolksschule! Schulleben Unsere Schule soll ein Ort zum Wohlf\u00fchlen sein. Wir wollen in unseren Sch\u00fclerinnen und Sch\u00fclern die Freude und das Interesse am Lernen durch spielerischen, offenen und projektorientierten Unterricht wecken und erhalten. Als Musikvolksschule stehen bei uns das Singen, Musizieren, Tanzen und der Rhythmus hoch im Kurs. Neugier, [&hellip;]<\/p>\n","protected":false},"author":1,"featured_media":0,"parent":0,"menu_order":0,"comment_status":"closed","ping_status":"closed","template":"","meta":{"ngg_post_thumbnail":0,"footnotes":""},"class_list":["post-17","page","type-page","status-publish","hentry"],"_links":{"self":[{"href":"https:\/\/vsneumarkt.ac.at\/index.php?rest_route=\/wp\/v2\/pages\/17","targetHints":{"allow":["GET"]}}],"collection":[{"href":"https:\/\/vsneumarkt.ac.at\/index.php?rest_route=\/wp\/v2\/pages"}],"about":[{"href":"https:\/\/vsneumarkt.ac.at\/index.php?rest_route=\/wp\/v2\/types\/page"}],"author":[{"embeddable":true,"href":"https:\/\/vsneumarkt.ac.at\/index.php?rest_route=\/wp\/v2\/users\/1"}],"replies":[{"embeddable":true,"href":"https:\/\/vsneumarkt.ac.at\/index.php?rest_route=%2Fwp%2Fv2%2Fcomments&post=17"}],"version-history":[{"count":46,"href":"https:\/\/vsneumarkt.ac.at\/index.php?rest_route=\/wp\/v2\/pages\/17\/revisions"}],"predecessor-version":[{"id":2105,"href":"https:\/\/vsneumarkt.ac.at\/index.php?rest_route=\/wp\/v2\/pages\/17\/revisions\/2105"}],"wp:attachment":[{"href":"https:\/\/vsneumarkt.ac.at\/index.php?rest_route=%2Fwp%2Fv2%2Fmedia&parent=17"}],"curies":[{"name":"wp","href":"https:\/\/api.w.org\/{rel}","templated":true}]}}