{"id":1576,"date":"2024-10-03T15:51:56","date_gmt":"2024-10-03T13:51:56","guid":{"rendered":"https:\/\/vsneumarkt.ac.at\/?page_id=1576"},"modified":"2024-10-03T15:51:56","modified_gmt":"2024-10-03T13:51:56","slug":"klassen-24-25-2","status":"publish","type":"page","link":"https:\/\/vsneumarkt.ac.at\/?page_id=1576","title":{"rendered":"Klassen 24\/25"},"content":{"rendered":"\n<p>Schuljahr 2024\/2025<\/p>\n\n\n\n<figure class=\"wp-block-image\"><img loading=\"lazy\" decoding=\"async\" width=\"1024\" height=\"726\" src=\"https:\/\/vsneumarkt.ac.at\/wp-content\/uploads\/2024\/10\/1a-1024x726.jpg\" alt=\"\" class=\"wp-image-1557\" srcset=\"https:\/\/vsneumarkt.ac.at\/wp-content\/uploads\/2024\/10\/1a-1024x726.jpg 1024w, https:\/\/vsneumarkt.ac.at\/wp-content\/uploads\/2024\/10\/1a-300x213.jpg 300w, https:\/\/vsneumarkt.ac.at\/wp-content\/uploads\/2024\/10\/1a-768x544.jpg 768w, https:\/\/vsneumarkt.ac.at\/wp-content\/uploads\/2024\/10\/1a-1536x1089.jpg 1536w, https:\/\/vsneumarkt.ac.at\/wp-content\/uploads\/2024\/10\/1a-2048x1451.jpg 2048w, https:\/\/vsneumarkt.ac.at\/wp-content\/uploads\/2024\/10\/1a-900x638.jpg 900w, https:\/\/vsneumarkt.ac.at\/wp-content\/uploads\/2024\/10\/1a-1280x907.jpg 1280w\" sizes=\"auto, (max-width: 1024px) 100vw, 1024px\" \/><\/figure>\n\n\n\n<p>Klasse 1a<br>Klassenlehrerin: Elisabeth Ebner<br>Schulassistentin: Cristina Mon<\/p>\n\n\n\n<figure class=\"wp-block-image\"><img loading=\"lazy\" decoding=\"async\" width=\"1024\" height=\"726\" src=\"https:\/\/vsneumarkt.ac.at\/wp-content\/uploads\/2024\/10\/1b_24_25-verpixelt-1024x726.jpg\" alt=\"\" class=\"wp-image-1558\" srcset=\"https:\/\/vsneumarkt.ac.at\/wp-content\/uploads\/2024\/10\/1b_24_25-verpixelt-1024x726.jpg 1024w, https:\/\/vsneumarkt.ac.at\/wp-content\/uploads\/2024\/10\/1b_24_25-verpixelt-300x213.jpg 300w, https:\/\/vsneumarkt.ac.at\/wp-content\/uploads\/2024\/10\/1b_24_25-verpixelt-768x544.jpg 768w, https:\/\/vsneumarkt.ac.at\/wp-content\/uploads\/2024\/10\/1b_24_25-verpixelt-1536x1089.jpg 1536w, https:\/\/vsneumarkt.ac.at\/wp-content\/uploads\/2024\/10\/1b_24_25-verpixelt-900x638.jpg 900w, https:\/\/vsneumarkt.ac.at\/wp-content\/uploads\/2024\/10\/1b_24_25-verpixelt-1280x907.jpg 1280w, https:\/\/vsneumarkt.ac.at\/wp-content\/uploads\/2024\/10\/1b_24_25-verpixelt.jpg 1693w\" sizes=\"auto, (max-width: 1024px) 100vw, 1024px\" \/><\/figure>\n\n\n\n<p>Klasse 1b<br>Klassenlehrerin: Pavl\u00ecna Martink\u00f2va<br>Lehrerin f\u00fcr Technik und Design \/ Religion: Bernadette Speiser<\/p>\n\n\n\n<figure class=\"wp-block-image\"><img loading=\"lazy\" decoding=\"async\" width=\"1024\" height=\"726\" src=\"https:\/\/vsneumarkt.ac.at\/wp-content\/uploads\/2024\/10\/2a-1024x726.jpg\" alt=\"\" class=\"wp-image-1559\" srcset=\"https:\/\/vsneumarkt.ac.at\/wp-content\/uploads\/2024\/10\/2a-1024x726.jpg 1024w, https:\/\/vsneumarkt.ac.at\/wp-content\/uploads\/2024\/10\/2a-300x213.jpg 300w, https:\/\/vsneumarkt.ac.at\/wp-content\/uploads\/2024\/10\/2a-768x544.jpg 768w, https:\/\/vsneumarkt.ac.at\/wp-content\/uploads\/2024\/10\/2a-1536x1089.jpg 1536w, https:\/\/vsneumarkt.ac.at\/wp-content\/uploads\/2024\/10\/2a-2048x1451.jpg 2048w, https:\/\/vsneumarkt.ac.at\/wp-content\/uploads\/2024\/10\/2a-900x638.jpg 900w, https:\/\/vsneumarkt.ac.at\/wp-content\/uploads\/2024\/10\/2a-1280x907.jpg 1280w\" sizes=\"auto, (max-width: 1024px) 100vw, 1024px\" \/><\/figure>\n\n\n\n<p>Klasse 2a<br>Klassenlehrerin: Annelies Ungerb\u00f6ck<\/p>\n\n\n\n<figure class=\"wp-block-image\"><img loading=\"lazy\" decoding=\"async\" width=\"1024\" height=\"726\" src=\"https:\/\/vsneumarkt.ac.at\/wp-content\/uploads\/2024\/10\/2b-1024x726.jpg\" alt=\"\" class=\"wp-image-1560\" srcset=\"https:\/\/vsneumarkt.ac.at\/wp-content\/uploads\/2024\/10\/2b-1024x726.jpg 1024w, https:\/\/vsneumarkt.ac.at\/wp-content\/uploads\/2024\/10\/2b-300x213.jpg 300w, https:\/\/vsneumarkt.ac.at\/wp-content\/uploads\/2024\/10\/2b-768x544.jpg 768w, https:\/\/vsneumarkt.ac.at\/wp-content\/uploads\/2024\/10\/2b-1536x1089.jpg 1536w, https:\/\/vsneumarkt.ac.at\/wp-content\/uploads\/2024\/10\/2b-2048x1451.jpg 2048w, https:\/\/vsneumarkt.ac.at\/wp-content\/uploads\/2024\/10\/2b-900x638.jpg 900w, https:\/\/vsneumarkt.ac.at\/wp-content\/uploads\/2024\/10\/2b-1280x907.jpg 1280w\" sizes=\"auto, (max-width: 1024px) 100vw, 1024px\" \/><\/figure>\n\n\n\n<p>Klasse 2b<br>Klassenlehrerin: Bianca Pieler<br>Volksschullehrerin: Nicole Pilz<\/p>\n\n\n\n<figure class=\"wp-block-image\"><img loading=\"lazy\" decoding=\"async\" width=\"1024\" height=\"726\" src=\"https:\/\/vsneumarkt.ac.at\/wp-content\/uploads\/2024\/10\/3a_24_25_Verpixelt-1024x726.jpg\" alt=\"\" class=\"wp-image-1561\" srcset=\"https:\/\/vsneumarkt.ac.at\/wp-content\/uploads\/2024\/10\/3a_24_25_Verpixelt-1024x726.jpg 1024w, https:\/\/vsneumarkt.ac.at\/wp-content\/uploads\/2024\/10\/3a_24_25_Verpixelt-300x213.jpg 300w, https:\/\/vsneumarkt.ac.at\/wp-content\/uploads\/2024\/10\/3a_24_25_Verpixelt-768x544.jpg 768w, https:\/\/vsneumarkt.ac.at\/wp-content\/uploads\/2024\/10\/3a_24_25_Verpixelt-1536x1089.jpg 1536w, https:\/\/vsneumarkt.ac.at\/wp-content\/uploads\/2024\/10\/3a_24_25_Verpixelt-900x638.jpg 900w, https:\/\/vsneumarkt.ac.at\/wp-content\/uploads\/2024\/10\/3a_24_25_Verpixelt-1280x907.jpg 1280w, https:\/\/vsneumarkt.ac.at\/wp-content\/uploads\/2024\/10\/3a_24_25_Verpixelt.jpg 1693w\" sizes=\"auto, (max-width: 1024px) 100vw, 1024px\" \/><\/figure>\n\n\n\n<p>Klasse 3a<br>Klassenlehrerin: Evelyn Derflinger<br>Volksschullehrerin: Karina St\u00f6ckl<\/p>\n\n\n\n<figure class=\"wp-block-image\"><img loading=\"lazy\" decoding=\"async\" width=\"1024\" height=\"726\" src=\"https:\/\/vsneumarkt.ac.at\/wp-content\/uploads\/2024\/10\/3b-1024x726.jpg\" alt=\"\" class=\"wp-image-1562\" srcset=\"https:\/\/vsneumarkt.ac.at\/wp-content\/uploads\/2024\/10\/3b-1024x726.jpg 1024w, https:\/\/vsneumarkt.ac.at\/wp-content\/uploads\/2024\/10\/3b-300x213.jpg 300w, https:\/\/vsneumarkt.ac.at\/wp-content\/uploads\/2024\/10\/3b-768x544.jpg 768w, https:\/\/vsneumarkt.ac.at\/wp-content\/uploads\/2024\/10\/3b-1536x1089.jpg 1536w, https:\/\/vsneumarkt.ac.at\/wp-content\/uploads\/2024\/10\/3b-2048x1451.jpg 2048w, https:\/\/vsneumarkt.ac.at\/wp-content\/uploads\/2024\/10\/3b-900x638.jpg 900w, https:\/\/vsneumarkt.ac.at\/wp-content\/uploads\/2024\/10\/3b-1280x907.jpg 1280w\" sizes=\"auto, (max-width: 1024px) 100vw, 1024px\" \/><\/figure>\n\n\n\n<p>Klasse 3b<br>Klassenlehrerin: Alexandra Stadler<br>Volksschullehrerin: Elisa Bruckm\u00fcller<\/p>\n\n\n\n<figure class=\"wp-block-image\"><img loading=\"lazy\" decoding=\"async\" width=\"1024\" height=\"726\" src=\"https:\/\/vsneumarkt.ac.at\/wp-content\/uploads\/2024\/10\/4a-1024x726.jpg\" alt=\"\" class=\"wp-image-1563\" srcset=\"https:\/\/vsneumarkt.ac.at\/wp-content\/uploads\/2024\/10\/4a-1024x726.jpg 1024w, https:\/\/vsneumarkt.ac.at\/wp-content\/uploads\/2024\/10\/4a-300x213.jpg 300w, https:\/\/vsneumarkt.ac.at\/wp-content\/uploads\/2024\/10\/4a-768x544.jpg 768w, https:\/\/vsneumarkt.ac.at\/wp-content\/uploads\/2024\/10\/4a-1536x1089.jpg 1536w, https:\/\/vsneumarkt.ac.at\/wp-content\/uploads\/2024\/10\/4a-2048x1451.jpg 2048w, https:\/\/vsneumarkt.ac.at\/wp-content\/uploads\/2024\/10\/4a-900x638.jpg 900w, https:\/\/vsneumarkt.ac.at\/wp-content\/uploads\/2024\/10\/4a-1280x907.jpg 1280w\" sizes=\"auto, (max-width: 1024px) 100vw, 1024px\" \/><\/figure>\n\n\n\n<p>Klasse 4a<br>Klassenlehrerin: Lena Neuhauser<br>Schulassistentin: Rafiga Safarova<\/p>\n\n\n\n<p>Schulwartin: Waltraud Peschetz<\/p>\n\n\n\n<figure class=\"wp-block-image\"><img loading=\"lazy\" decoding=\"async\" width=\"1024\" height=\"726\" src=\"https:\/\/vsneumarkt.ac.at\/wp-content\/uploads\/2024\/10\/4b-1024x726.jpg\" alt=\"\" class=\"wp-image-1564\" srcset=\"https:\/\/vsneumarkt.ac.at\/wp-content\/uploads\/2024\/10\/4b-1024x726.jpg 1024w, https:\/\/vsneumarkt.ac.at\/wp-content\/uploads\/2024\/10\/4b-300x213.jpg 300w, https:\/\/vsneumarkt.ac.at\/wp-content\/uploads\/2024\/10\/4b-768x544.jpg 768w, https:\/\/vsneumarkt.ac.at\/wp-content\/uploads\/2024\/10\/4b-1536x1089.jpg 1536w, https:\/\/vsneumarkt.ac.at\/wp-content\/uploads\/2024\/10\/4b-2048x1451.jpg 2048w, https:\/\/vsneumarkt.ac.at\/wp-content\/uploads\/2024\/10\/4b-900x638.jpg 900w, https:\/\/vsneumarkt.ac.at\/wp-content\/uploads\/2024\/10\/4b-1280x907.jpg 1280w\" sizes=\"auto, (max-width: 1024px) 100vw, 1024px\" \/><\/figure>\n\n\n\n<p>Klasse 4b<br>Klassenlehrerin: Maria Aigner<br>Volksschullehrerin: Julia Haselsteiner<\/p>\n","protected":false},"excerpt":{"rendered":"<p>Schuljahr 2024\/2025 Klasse 1aKlassenlehrerin: Elisabeth EbnerSchulassistentin: Cristina Mon Klasse 1bKlassenlehrerin: Pavl\u00ecna Martink\u00f2vaLehrerin f\u00fcr Technik und Design \/ Religion: Bernadette Speiser Klasse 2aKlassenlehrerin: Annelies Ungerb\u00f6ck Klasse 2bKlassenlehrerin: Bianca PielerVolksschullehrerin: Nicole Pilz Klasse 3aKlassenlehrerin: Evelyn DerflingerVolksschullehrerin: Karina St\u00f6ckl Klasse 3bKlassenlehrerin: Alexandra StadlerVolksschullehrerin: Elisa Bruckm\u00fcller Klasse 4aKlassenlehrerin: Lena NeuhauserSchulassistentin: Rafiga Safarova Schulwartin: Waltraud Peschetz Klasse 4bKlassenlehrerin: Maria AignerVolksschullehrerin: [&hellip;]<\/p>\n","protected":false},"author":1,"featured_media":0,"parent":0,"menu_order":0,"comment_status":"closed","ping_status":"closed","template":"","meta":{"ngg_post_thumbnail":0,"footnotes":""},"class_list":["post-1576","page","type-page","status-publish","hentry"],"_links":{"self":[{"href":"https:\/\/vsneumarkt.ac.at\/index.php?rest_route=\/wp\/v2\/pages\/1576","targetHints":{"allow":["GET"]}}],"collection":[{"href":"https:\/\/vsneumarkt.ac.at\/index.php?rest_route=\/wp\/v2\/pages"}],"about":[{"href":"https:\/\/vsneumarkt.ac.at\/index.php?rest_route=\/wp\/v2\/types\/page"}],"author":[{"embeddable":true,"href":"https:\/\/vsneumarkt.ac.at\/index.php?rest_route=\/wp\/v2\/users\/1"}],"replies":[{"embeddable":true,"href":"https:\/\/vsneumarkt.ac.at\/index.php?rest_route=%2Fwp%2Fv2%2Fcomments&post=1576"}],"version-history":[{"count":1,"href":"https:\/\/vsneumarkt.ac.at\/index.php?rest_route=\/wp\/v2\/pages\/1576\/revisions"}],"predecessor-version":[{"id":1577,"href":"https:\/\/vsneumarkt.ac.at\/index.php?rest_route=\/wp\/v2\/pages\/1576\/revisions\/1577"}],"wp:attachment":[{"href":"https:\/\/vsneumarkt.ac.at\/index.php?rest_route=%2Fwp%2Fv2%2Fmedia&parent=1576"}],"curies":[{"name":"wp","href":"https:\/\/api.w.org\/{rel}","templated":true}]}}