{"id":101,"date":"2022-11-21T11:54:19","date_gmt":"2022-11-21T10:54:19","guid":{"rendered":"http:\/\/vsneumarkt.ac.at\/?page_id=101"},"modified":"2025-10-02T14:38:58","modified_gmt":"2025-10-02T12:38:58","slug":"klassen","status":"publish","type":"page","link":"https:\/\/vsneumarkt.ac.at\/?page_id=101","title":{"rendered":"Klassen"},"content":{"rendered":"\n<p>Schuljahr 2025\/26<\/p>\n\n\n\n<figure class=\"wp-block-image size-large\"><img loading=\"lazy\" decoding=\"async\" width=\"1024\" height=\"726\" src=\"https:\/\/vsneumarkt.ac.at\/wp-content\/uploads\/2025\/10\/230925-0209-1024x726.jpg\" alt=\"\" class=\"wp-image-2086\" srcset=\"https:\/\/vsneumarkt.ac.at\/wp-content\/uploads\/2025\/10\/230925-0209-1024x726.jpg 1024w, https:\/\/vsneumarkt.ac.at\/wp-content\/uploads\/2025\/10\/230925-0209-300x213.jpg 300w, https:\/\/vsneumarkt.ac.at\/wp-content\/uploads\/2025\/10\/230925-0209-768x544.jpg 768w, https:\/\/vsneumarkt.ac.at\/wp-content\/uploads\/2025\/10\/230925-0209-1536x1089.jpg 1536w, https:\/\/vsneumarkt.ac.at\/wp-content\/uploads\/2025\/10\/230925-0209-2048x1451.jpg 2048w, https:\/\/vsneumarkt.ac.at\/wp-content\/uploads\/2025\/10\/230925-0209-900x638.jpg 900w, https:\/\/vsneumarkt.ac.at\/wp-content\/uploads\/2025\/10\/230925-0209-1280x907.jpg 1280w\" sizes=\"auto, (max-width: 1024px) 100vw, 1024px\" \/><\/figure>\n\n\n\n<p>Klasse 1a<br>Klassenlehrerin: Lena Neuhauser<br><\/p>\n\n\n\n<figure class=\"wp-block-image size-large\"><img loading=\"lazy\" decoding=\"async\" width=\"1024\" height=\"726\" src=\"https:\/\/vsneumarkt.ac.at\/wp-content\/uploads\/2025\/10\/1b-1024x726.png\" alt=\"\" class=\"wp-image-2087\" srcset=\"https:\/\/vsneumarkt.ac.at\/wp-content\/uploads\/2025\/10\/1b-1024x726.png 1024w, https:\/\/vsneumarkt.ac.at\/wp-content\/uploads\/2025\/10\/1b-300x213.png 300w, https:\/\/vsneumarkt.ac.at\/wp-content\/uploads\/2025\/10\/1b-768x544.png 768w, https:\/\/vsneumarkt.ac.at\/wp-content\/uploads\/2025\/10\/1b-1536x1089.png 1536w, https:\/\/vsneumarkt.ac.at\/wp-content\/uploads\/2025\/10\/1b-2048x1451.png 2048w, https:\/\/vsneumarkt.ac.at\/wp-content\/uploads\/2025\/10\/1b-900x638.png 900w, https:\/\/vsneumarkt.ac.at\/wp-content\/uploads\/2025\/10\/1b-1280x907.png 1280w\" sizes=\"auto, (max-width: 1024px) 100vw, 1024px\" \/><\/figure>\n\n\n\n<p>Klasse 1b<br>Klassenlehrerin: Nicole Pilz <br>Lehrerin f\u00fcr Technik und Design \/ Religion: Bernadette Speiser<\/p>\n\n\n\n<figure class=\"wp-block-image size-large\"><img loading=\"lazy\" decoding=\"async\" width=\"1024\" height=\"726\" src=\"https:\/\/vsneumarkt.ac.at\/wp-content\/uploads\/2025\/10\/230925-0836-1024x726.jpg\" alt=\"\" class=\"wp-image-2088\" srcset=\"https:\/\/vsneumarkt.ac.at\/wp-content\/uploads\/2025\/10\/230925-0836-1024x726.jpg 1024w, https:\/\/vsneumarkt.ac.at\/wp-content\/uploads\/2025\/10\/230925-0836-300x213.jpg 300w, https:\/\/vsneumarkt.ac.at\/wp-content\/uploads\/2025\/10\/230925-0836-768x544.jpg 768w, https:\/\/vsneumarkt.ac.at\/wp-content\/uploads\/2025\/10\/230925-0836-1536x1089.jpg 1536w, https:\/\/vsneumarkt.ac.at\/wp-content\/uploads\/2025\/10\/230925-0836-2048x1451.jpg 2048w, https:\/\/vsneumarkt.ac.at\/wp-content\/uploads\/2025\/10\/230925-0836-900x638.jpg 900w, https:\/\/vsneumarkt.ac.at\/wp-content\/uploads\/2025\/10\/230925-0836-1280x907.jpg 1280w\" sizes=\"auto, (max-width: 1024px) 100vw, 1024px\" \/><\/figure>\n\n\n\n<p>Klasse 2a<br>Klassenlehrerin: Elisabeth Ebner<br>Volksschullehrerin: Karina St\u00f6ckl <\/p>\n\n\n\n<figure class=\"wp-block-image size-large\"><img loading=\"lazy\" decoding=\"async\" width=\"1024\" height=\"726\" src=\"https:\/\/vsneumarkt.ac.at\/wp-content\/uploads\/2025\/10\/2b-1024x726.png\" alt=\"\" class=\"wp-image-2090\" srcset=\"https:\/\/vsneumarkt.ac.at\/wp-content\/uploads\/2025\/10\/2b-1024x726.png 1024w, https:\/\/vsneumarkt.ac.at\/wp-content\/uploads\/2025\/10\/2b-300x213.png 300w, https:\/\/vsneumarkt.ac.at\/wp-content\/uploads\/2025\/10\/2b-768x544.png 768w, https:\/\/vsneumarkt.ac.at\/wp-content\/uploads\/2025\/10\/2b-1536x1089.png 1536w, https:\/\/vsneumarkt.ac.at\/wp-content\/uploads\/2025\/10\/2b-2048x1451.png 2048w, https:\/\/vsneumarkt.ac.at\/wp-content\/uploads\/2025\/10\/2b-900x638.png 900w, https:\/\/vsneumarkt.ac.at\/wp-content\/uploads\/2025\/10\/2b-1280x907.png 1280w\" sizes=\"auto, (max-width: 1024px) 100vw, 1024px\" \/><\/figure>\n\n\n\n<p>Klasse 2b<br>Klassenlehrerin: Julia Haselsteiner<br>Schulassistentin: Rafi Safarova<\/p>\n\n\n\n<figure class=\"wp-block-image size-large\"><img loading=\"lazy\" decoding=\"async\" width=\"1024\" height=\"726\" src=\"https:\/\/vsneumarkt.ac.at\/wp-content\/uploads\/2025\/10\/230925-0467-1024x726.jpg\" alt=\"\" class=\"wp-image-2091\" srcset=\"https:\/\/vsneumarkt.ac.at\/wp-content\/uploads\/2025\/10\/230925-0467-1024x726.jpg 1024w, https:\/\/vsneumarkt.ac.at\/wp-content\/uploads\/2025\/10\/230925-0467-300x213.jpg 300w, https:\/\/vsneumarkt.ac.at\/wp-content\/uploads\/2025\/10\/230925-0467-768x544.jpg 768w, https:\/\/vsneumarkt.ac.at\/wp-content\/uploads\/2025\/10\/230925-0467-1536x1089.jpg 1536w, https:\/\/vsneumarkt.ac.at\/wp-content\/uploads\/2025\/10\/230925-0467-2048x1451.jpg 2048w, https:\/\/vsneumarkt.ac.at\/wp-content\/uploads\/2025\/10\/230925-0467-900x638.jpg 900w, https:\/\/vsneumarkt.ac.at\/wp-content\/uploads\/2025\/10\/230925-0467-1280x907.jpg 1280w\" sizes=\"auto, (max-width: 1024px) 100vw, 1024px\" \/><\/figure>\n\n\n\n<p>Klasse 3a<br>Klassenlehrerin: Annelies Ungerb\u00f6ck <br>Volksschullehrerin: Elisa Bruckm\u00fcller<\/p>\n\n\n\n<figure class=\"wp-block-image size-large\"><img loading=\"lazy\" decoding=\"async\" width=\"1024\" height=\"726\" src=\"https:\/\/vsneumarkt.ac.at\/wp-content\/uploads\/2025\/10\/230925-0584-1-1024x726.jpg\" alt=\"\" class=\"wp-image-2092\" srcset=\"https:\/\/vsneumarkt.ac.at\/wp-content\/uploads\/2025\/10\/230925-0584-1-1024x726.jpg 1024w, https:\/\/vsneumarkt.ac.at\/wp-content\/uploads\/2025\/10\/230925-0584-1-300x213.jpg 300w, https:\/\/vsneumarkt.ac.at\/wp-content\/uploads\/2025\/10\/230925-0584-1-768x544.jpg 768w, https:\/\/vsneumarkt.ac.at\/wp-content\/uploads\/2025\/10\/230925-0584-1-1536x1089.jpg 1536w, https:\/\/vsneumarkt.ac.at\/wp-content\/uploads\/2025\/10\/230925-0584-1-2048x1451.jpg 2048w, https:\/\/vsneumarkt.ac.at\/wp-content\/uploads\/2025\/10\/230925-0584-1-900x638.jpg 900w, https:\/\/vsneumarkt.ac.at\/wp-content\/uploads\/2025\/10\/230925-0584-1-1280x907.jpg 1280w\" sizes=\"auto, (max-width: 1024px) 100vw, 1024px\" \/><\/figure>\n\n\n\n<p>Klasse 3b<br>Klassenlehrerin: Bianca Pieler<br>Lehrerin f\u00fcr Technik und Design \/ Religion: Bernadette Speiser<\/p>\n\n\n\n<figure class=\"wp-block-image size-large\"><img loading=\"lazy\" decoding=\"async\" width=\"1024\" height=\"726\" src=\"https:\/\/vsneumarkt.ac.at\/wp-content\/uploads\/2025\/10\/230925-1099-1024x726.jpg\" alt=\"\" class=\"wp-image-2093\" srcset=\"https:\/\/vsneumarkt.ac.at\/wp-content\/uploads\/2025\/10\/230925-1099-1024x726.jpg 1024w, https:\/\/vsneumarkt.ac.at\/wp-content\/uploads\/2025\/10\/230925-1099-300x213.jpg 300w, https:\/\/vsneumarkt.ac.at\/wp-content\/uploads\/2025\/10\/230925-1099-768x544.jpg 768w, https:\/\/vsneumarkt.ac.at\/wp-content\/uploads\/2025\/10\/230925-1099-1536x1089.jpg 1536w, https:\/\/vsneumarkt.ac.at\/wp-content\/uploads\/2025\/10\/230925-1099-2048x1451.jpg 2048w, https:\/\/vsneumarkt.ac.at\/wp-content\/uploads\/2025\/10\/230925-1099-900x638.jpg 900w, https:\/\/vsneumarkt.ac.at\/wp-content\/uploads\/2025\/10\/230925-1099-1280x907.jpg 1280w\" sizes=\"auto, (max-width: 1024px) 100vw, 1024px\" \/><\/figure>\n\n\n\n<p>Klasse 4a<br>Klassenlehrerin: Evelyn Scharfm\u00fcller<br>Schulassistentin: Anna Sutic <\/p>\n\n\n\n<figure class=\"wp-block-image size-full\"><img loading=\"lazy\" decoding=\"async\" width=\"852\" height=\"600\" src=\"https:\/\/vsneumarkt.ac.at\/wp-content\/uploads\/2025\/10\/4b.png\" alt=\"\" class=\"wp-image-2094\" srcset=\"https:\/\/vsneumarkt.ac.at\/wp-content\/uploads\/2025\/10\/4b.png 852w, https:\/\/vsneumarkt.ac.at\/wp-content\/uploads\/2025\/10\/4b-300x211.png 300w, https:\/\/vsneumarkt.ac.at\/wp-content\/uploads\/2025\/10\/4b-768x541.png 768w\" sizes=\"auto, (max-width: 852px) 100vw, 852px\" \/><\/figure>\n\n\n\n<p>Klasse 4b<br>Klassenlehrerin: Alexandra Stadler<br>Volksschullehrerin: Maria Aigner<\/p>\n\n\n\n<p class=\"has-small-font-size\"><a href=\"https:\/\/vsneumarkt.ac.at\/?page_id=909\">Klassen 2022\/23<\/a><\/p>\n\n\n\n<p class=\"has-small-font-size\"><a href=\"https:\/\/vsneumarkt.ac.at\/?page_id=1458\" data-type=\"page\" data-id=\"1458\">Klassen 2023\/24<\/a><\/p>\n\n\n\n<p class=\"has-small-font-size\"><a href=\"https:\/\/vsneumarkt.ac.at\/?page_id=1576\" data-type=\"page\" data-id=\"1576\">Klassen 2024\/25<\/a><\/p>\n\n\n\n<p class=\"has-small-font-size\"><a href=\"http:\/\/vsneumarkt.ac.at\/?page_id=101\">nach oben&#8230;<\/a><\/p>\n\n\n\n<p class=\"has-small-font-size\"><a href=\"http:\/\/vsneumarkt.ac.at\/\">Startseite&#8230;<\/a><\/p>\n\n\n\n<p><\/p>\n","protected":false},"excerpt":{"rendered":"<p>Schuljahr 2025\/26 Klasse 1aKlassenlehrerin: Lena Neuhauser Klasse 1bKlassenlehrerin: Nicole Pilz Lehrerin f\u00fcr Technik und Design \/ Religion: Bernadette Speiser Klasse 2aKlassenlehrerin: Elisabeth EbnerVolksschullehrerin: Karina St\u00f6ckl Klasse 2bKlassenlehrerin: Julia HaselsteinerSchulassistentin: Rafi Safarova Klasse 3aKlassenlehrerin: Annelies Ungerb\u00f6ck Volksschullehrerin: Elisa Bruckm\u00fcller Klasse 3bKlassenlehrerin: Bianca PielerLehrerin f\u00fcr Technik und Design \/ Religion: Bernadette Speiser Klasse 4aKlassenlehrerin: Evelyn Scharfm\u00fcllerSchulassistentin: Anna [&hellip;]<\/p>\n","protected":false},"author":1,"featured_media":0,"parent":0,"menu_order":0,"comment_status":"closed","ping_status":"closed","template":"","meta":{"ngg_post_thumbnail":0,"footnotes":""},"class_list":["post-101","page","type-page","status-publish","hentry"],"_links":{"self":[{"href":"https:\/\/vsneumarkt.ac.at\/index.php?rest_route=\/wp\/v2\/pages\/101","targetHints":{"allow":["GET"]}}],"collection":[{"href":"https:\/\/vsneumarkt.ac.at\/index.php?rest_route=\/wp\/v2\/pages"}],"about":[{"href":"https:\/\/vsneumarkt.ac.at\/index.php?rest_route=\/wp\/v2\/types\/page"}],"author":[{"embeddable":true,"href":"https:\/\/vsneumarkt.ac.at\/index.php?rest_route=\/wp\/v2\/users\/1"}],"replies":[{"embeddable":true,"href":"https:\/\/vsneumarkt.ac.at\/index.php?rest_route=%2Fwp%2Fv2%2Fcomments&post=101"}],"version-history":[{"count":51,"href":"https:\/\/vsneumarkt.ac.at\/index.php?rest_route=\/wp\/v2\/pages\/101\/revisions"}],"predecessor-version":[{"id":2099,"href":"https:\/\/vsneumarkt.ac.at\/index.php?rest_route=\/wp\/v2\/pages\/101\/revisions\/2099"}],"wp:attachment":[{"href":"https:\/\/vsneumarkt.ac.at\/index.php?rest_route=%2Fwp%2Fv2%2Fmedia&parent=101"}],"curies":[{"name":"wp","href":"https:\/\/api.w.org\/{rel}","templated":true}]}}