{"id":478,"date":"2023-08-01T21:09:22","date_gmt":"2023-08-01T19:09:22","guid":{"rendered":"http:\/\/vsneumarkt.ac.at\/?page_id=478"},"modified":"2025-12-15T09:20:30","modified_gmt":"2025-12-15T08:20:30","slug":"informationen-und-preise","status":"publish","type":"page","link":"http:\/\/vsneumarkt.ac.at\/?page_id=478","title":{"rendered":"Kosten und Organisation"},"content":{"rendered":"\n<p class=\"has-accent-color has-text-color has-large-font-size\">Monatlicher Kostenbeitrag (ab Februar 2026)<\/p>\n\n\n\n<p>1Tag\/Woche\u00a0\u00a0\u00a0\u00a0\u00a0\u00a0\u00a0\u00a0\u00a0\u00a0\u00a0\u00a0\u00a0\u00a0\u00a0 \u20ac 50,00\u00a0 (\u20ac 30,00 f\u00fcr die Zeit bis 14:30 Uhr)<\/p>\n\n\n\n<p>2 Tage\/Woche\u00a0\u00a0\u00a0\u00a0\u00a0\u00a0\u00a0\u00a0\u00a0\u00a0\u00a0\u00a0 \u20ac 80,00\u00a0 (\u20ac 50,00 f\u00fcr die Zeit bis 14:30 Uhr)<\/p>\n\n\n\n<p>3 Tage\/Woche\u00a0\u00a0\u00a0\u00a0\u00a0\u00a0\u00a0\u00a0\u00a0\u00a0\u00a0\u00a0 \u20ac 120,00 (\u20ac 70,00 f\u00fcr die Zeit bis 14:30 Uhr)<\/p>\n\n\n\n<p>4 Tage\/Woche\u00a0\u00a0\u00a0\u00a0\u00a0\u00a0\u00a0\u00a0\u00a0\u00a0\u00a0\u00a0 \u20ac 145,00 (\u20ac 90,00 f\u00fcr die Zeit bis 14:30 Uhr)<\/p>\n\n\n\n<p>5 Tage\/Woche\u00a0\u00a0\u00a0\u00a0\u00a0\u00a0\u00a0\u00a0\u00a0\u00a0\u00a0\u00a0 \u20ac 165,00 (\u20ac 110,00 f\u00fcr die Zeit bis 14:30 Uhr)<\/p>\n\n\n\n<p>Mittagessen    &nbsp;&nbsp;&nbsp;  &nbsp;&nbsp;&nbsp;&nbsp;&nbsp;&nbsp;&nbsp;&nbsp;      &nbsp; \u20ac 5 pro Portion <\/p>\n\n\n\n<p>Sollten Sie nach dem Unterricht eine Beaufsichtigung bis l\u00e4ngstens 13:20 Uhr ben\u00f6tigen, werden \u20ac 15 pro Wochentag und Monat verrechnet.<\/p>\n\n\n\n<p>F\u00fcr diese Beitr\u00e4ge erhalten Sie von der <strong>Volksschulgemeinde Neumarkt<\/strong> monatliche Vorschreibungen.<\/p>\n\n\n\n<p class=\"has-accent-color has-text-color has-large-font-size\">Organisation<\/p>\n\n\n\n<ul class=\"wp-block-list\">\n<li>In der Nachmittagsbetreuung wird Ihr Kind von unseren Lehrerinnen in der Lernzeit (13:20 bis 14:10) betreut und erh\u00e4lt vor und nach der Lernzeit ein umfassendes Angebot an Freizeitaktivit\u00e4ten. Ob Ihr Kind gerne bastelt, musiziert oder sportbegeistert ist &#8211; es ist f\u00fcr jeden Sch\u00fcler und f\u00fcr jede Sch\u00fclerin etwas dabei.<\/li>\n\n\n\n<li>Unser Team kommuniziert mit Ihnen \u00fcber die App \u201e<strong>SchoolFox<\/strong>\u201c oder telefonisch. Bitte achten Sie stets darauf, eine schriftliche Mitteilung an uns zu richten, wenn Ihr Kind einen au\u00dferordentlichen Termin hat oder beispielsweise mit einem Freund\/einer Freundin mit nach Hause gehen darf.<\/li>\n\n\n\n<li>Die Anmeldung Ihres Kindes verl\u00e4uft wochenweise. Falls ein Kind f\u00fcr einen Wochentag umgemeldet werden soll oder f\u00fcr einen anderen Tag angemeldet werden soll, muss dies eine Woche davor (bis <strong>Freitag 11:00 Uhr<\/strong>) gesagt werden. Nur die Anzahl der gebuchten Tage muss dabei stimmen. Eine kurze Mitteilung auf <strong>SchoolFox<\/strong> ist ausreichend.  <\/li>\n\n\n\n<li>Die Abmeldung eines Kindes kann z.B. wegen einer Krankmeldung bis sp\u00e4testens <strong>9:00 Uhr<\/strong> gemacht werden. Eine sp\u00e4tere Abmeldung ist nicht m\u00f6glich.<\/li>\n\n\n\n<li>Die Nachmittagsbetreuerinnen sind Ihre Ansprechpartnerinnen unter der Nummer:<strong> 0664\/88328690<\/strong>.<\/li>\n\n\n\n<li>Das Mittagessen wird vom \u201e<strong>Gasthaus zum Schwarzen Adler<\/strong>\u201c in die Schule geliefert oder das Gasthaus wird besucht. <\/li>\n<\/ul>\n\n\n\n<p class=\"has-small-font-size\"><a href=\"http:\/\/vsneumarkt.ac.at\/wp-admin\/post.php?post=478&amp;action=edit\">nach oben&#8230;<\/a><\/p>\n\n\n\n<p class=\"has-small-font-size\"><a href=\"http:\/\/vsneumarkt.ac.at\/\" data-type=\"page\">Startseite&#8230;<\/a><\/p>\n\n\n\n<p><\/p>\n","protected":false},"excerpt":{"rendered":"<p>Monatlicher Kostenbeitrag (ab Februar 2026) 1Tag\/Woche\u00a0\u00a0\u00a0\u00a0\u00a0\u00a0\u00a0\u00a0\u00a0\u00a0\u00a0\u00a0\u00a0\u00a0\u00a0 \u20ac 50,00\u00a0 (\u20ac 30,00 f\u00fcr die Zeit bis 14:30 Uhr) 2 Tage\/Woche\u00a0\u00a0\u00a0\u00a0\u00a0\u00a0\u00a0\u00a0\u00a0\u00a0\u00a0\u00a0 \u20ac 80,00\u00a0 (\u20ac 50,00 f\u00fcr die Zeit bis 14:30 Uhr) 3 Tage\/Woche\u00a0\u00a0\u00a0\u00a0\u00a0\u00a0\u00a0\u00a0\u00a0\u00a0\u00a0\u00a0 \u20ac 120,00 (\u20ac 70,00 f\u00fcr die Zeit bis 14:30 Uhr) 4 Tage\/Woche\u00a0\u00a0\u00a0\u00a0\u00a0\u00a0\u00a0\u00a0\u00a0\u00a0\u00a0\u00a0 \u20ac 145,00 (\u20ac 90,00 f\u00fcr die Zeit bis 14:30 Uhr) 5 Tage\/Woche\u00a0\u00a0\u00a0\u00a0\u00a0\u00a0\u00a0\u00a0\u00a0\u00a0\u00a0\u00a0 \u20ac [&hellip;]<\/p>\n","protected":false},"author":1,"featured_media":0,"parent":0,"menu_order":0,"comment_status":"closed","ping_status":"closed","template":"","meta":{"ngg_post_thumbnail":0,"footnotes":""},"class_list":["post-478","page","type-page","status-publish","hentry"],"_links":{"self":[{"href":"http:\/\/vsneumarkt.ac.at\/index.php?rest_route=\/wp\/v2\/pages\/478","targetHints":{"allow":["GET"]}}],"collection":[{"href":"http:\/\/vsneumarkt.ac.at\/index.php?rest_route=\/wp\/v2\/pages"}],"about":[{"href":"http:\/\/vsneumarkt.ac.at\/index.php?rest_route=\/wp\/v2\/types\/page"}],"author":[{"embeddable":true,"href":"http:\/\/vsneumarkt.ac.at\/index.php?rest_route=\/wp\/v2\/users\/1"}],"replies":[{"embeddable":true,"href":"http:\/\/vsneumarkt.ac.at\/index.php?rest_route=%2Fwp%2Fv2%2Fcomments&post=478"}],"version-history":[{"count":28,"href":"http:\/\/vsneumarkt.ac.at\/index.php?rest_route=\/wp\/v2\/pages\/478\/revisions"}],"predecessor-version":[{"id":2209,"href":"http:\/\/vsneumarkt.ac.at\/index.php?rest_route=\/wp\/v2\/pages\/478\/revisions\/2209"}],"wp:attachment":[{"href":"http:\/\/vsneumarkt.ac.at\/index.php?rest_route=%2Fwp%2Fv2%2Fmedia&parent=478"}],"curies":[{"name":"wp","href":"https:\/\/api.w.org\/{rel}","templated":true}]}}