{"id":403,"date":"2023-07-31T11:45:55","date_gmt":"2023-07-31T09:45:55","guid":{"rendered":"http:\/\/vsneumarkt.ac.at\/?page_id=403"},"modified":"2026-05-04T10:14:18","modified_gmt":"2026-05-04T08:14:18","slug":"leitbild","status":"publish","type":"page","link":"http:\/\/vsneumarkt.ac.at\/?page_id=403","title":{"rendered":"Schulprofil"},"content":{"rendered":"\n<p>Unsere Schule soll ein <strong>Ort zum Wohlf\u00fchlen<\/strong> sein. Wir wollen in unseren Sch\u00fclern die&nbsp; <strong>Freude<\/strong> und das <strong>Interesse<\/strong> am Lernen durch spielerischen, offenen und projektorientierten Unterricht <strong>wecken und erhalten<\/strong>.<\/p>\n\n\n\n<p><strong>Unterschiedliche Begabungen<\/strong>&nbsp;und <strong>Talente<\/strong> der Kinder sollen gef\u00f6rdert und weiterentwickelt werden. Wir legen gro\u00dfen Wert auf die Differenzierung und Individualisierung jedes einzelnen Kindes.<\/p>\n\n\n\n<p>Es ist uns wichtig, dass die <strong>Inhalte des Lehrplanes<\/strong> erf\u00fcllt werden. Lernen soll im Sinne des <strong>Qualit\u00e4tsrahmens <\/strong>nach neuen modernen Ma\u00dfst\u00e4ben erfolgen (ganzheitliches Lernen mit Kopf, Herz und Hand).<\/p>\n\n\n\n<p>Die <strong>pers\u00f6nliche<\/strong> und <strong>berufliche Weiterentwicklung<\/strong> des Lehrerteams ist uns besonders wichtig. Als Schule bem\u00fchen wir uns um ein konstruktives Miteinander von Sch\u00fclerinnen und Sch\u00fclern, Eltern, Lehrpersonal und der Gemeinde. Das pers\u00f6nliche Gespr\u00e4ch ist uns wichtig.<\/p>\n\n\n\n<p>Der musische Bereich mit den Schwerpunkten <strong>Tanzen, Bewegen<\/strong>, <strong>Singen<\/strong> und <strong>Musizieren<\/strong> ist uns ein gro\u00dfes Anliegen.&nbsp; Diese f\u00f6rdern auch das <strong>Selbstbewusstsein<\/strong> und die <strong>Entwicklung unserer Kinder<\/strong>.<\/p>\n\n\n\n<p>Wir legen gro\u00dfen Wert auf die <strong>Gesundheitsbildung<\/strong> durch F\u00f6rderung sportlicher Aktivit\u00e4ten und auf Bewusstmachen einer gesunden Ern\u00e4hrung.<br>Wir sind &#8220;H2NOE&#8221;-Wasserschule und Teil der Gesunden Schule. <\/p>\n\n\n\n<p><strong>Zur Sicherung der Schulqualit\u00e4t setzen wir uns folgende Ziele:&nbsp;<\/strong><\/p>\n\n\n\n<p class=\"has-accent-color has-text-color\" style=\"font-size:20px\">St\u00e4rkung der Lebenskompetenzen<\/p>\n\n\n\n<p class=\"has-black-color has-text-color\">Zweimal j\u00e4hrlich wird das Pr\u00e4ventionsprogramm &#8220;Gemeinsam stark werden&#8221; durchgef\u00fchrt. Unsere Schulkinder sollen Vielfalt als St\u00e4rke begreifen und demokratische Mitbestimmungsm\u00f6glichkeiten nutzen. <br>Die Lebenskompetenzen werden durch weitere (klassen\u00fcbergreifende\/au\u00dferschulische) Initiativen gest\u00e4rkt: Gr\u00fcne Meilen-Kampagne, Malwerkstatt, Chor, Musikalisches Gestalten, Tanz, Bl\u00e4serklasse, Adventbesinnungen, gemeinsames Kochen; Gesunde Jause jeden Donnerstag; Lesepaten; Lesepartner<\/p>\n\n\n\n<p>In den kommenden Jahren steht die &#8220;Demokratiebildung&#8221; im Zentrum. Schule tr\u00e4gt eine Schl\u00fcsselrolle. Sie ist Lernort und Lebensraum, in dem Kinder demokratische Werte erfahren und ein\u00fcben k\u00f6nnen.<\/p>\n\n\n\n<p class=\"has-accent-color has-text-color\" style=\"font-size:20px\">Etablierung des musikalischen Schwerpunktes<\/p>\n\n\n\n<p>Unserer Schulkinder k\u00f6nnen aus einem breit gef\u00e4cherten Angebot an musikalischen Unverbindlichen \u00dcbungen nach ihren Interessen und Begabungen w\u00e4hlen und sollen durch ein &#8220;Mehr&#8221; an musikalischen Aktivit\u00e4ten Freude am Musizieren empfinden. Ihre Kreativit\u00e4t soll gef\u00f6rdert und ihr Selbstwert gest\u00e4rkt werden. <\/p>\n","protected":false},"excerpt":{"rendered":"<p>Unsere Schule soll ein Ort zum Wohlf\u00fchlen sein. Wir wollen in unseren Sch\u00fclern die&nbsp; Freude und das Interesse am Lernen durch spielerischen, offenen und projektorientierten Unterricht wecken und erhalten. Unterschiedliche Begabungen&nbsp;und Talente der Kinder sollen gef\u00f6rdert und weiterentwickelt werden. Wir legen gro\u00dfen Wert auf die Differenzierung und Individualisierung jedes einzelnen Kindes. Es ist uns wichtig, [&hellip;]<\/p>\n","protected":false},"author":1,"featured_media":0,"parent":0,"menu_order":0,"comment_status":"closed","ping_status":"closed","template":"","meta":{"ngg_post_thumbnail":0,"footnotes":""},"class_list":["post-403","page","type-page","status-publish","hentry"],"_links":{"self":[{"href":"http:\/\/vsneumarkt.ac.at\/index.php?rest_route=\/wp\/v2\/pages\/403","targetHints":{"allow":["GET"]}}],"collection":[{"href":"http:\/\/vsneumarkt.ac.at\/index.php?rest_route=\/wp\/v2\/pages"}],"about":[{"href":"http:\/\/vsneumarkt.ac.at\/index.php?rest_route=\/wp\/v2\/types\/page"}],"author":[{"embeddable":true,"href":"http:\/\/vsneumarkt.ac.at\/index.php?rest_route=\/wp\/v2\/users\/1"}],"replies":[{"embeddable":true,"href":"http:\/\/vsneumarkt.ac.at\/index.php?rest_route=%2Fwp%2Fv2%2Fcomments&post=403"}],"version-history":[{"count":13,"href":"http:\/\/vsneumarkt.ac.at\/index.php?rest_route=\/wp\/v2\/pages\/403\/revisions"}],"predecessor-version":[{"id":2362,"href":"http:\/\/vsneumarkt.ac.at\/index.php?rest_route=\/wp\/v2\/pages\/403\/revisions\/2362"}],"wp:attachment":[{"href":"http:\/\/vsneumarkt.ac.at\/index.php?rest_route=%2Fwp%2Fv2%2Fmedia&parent=403"}],"curies":[{"name":"wp","href":"https:\/\/api.w.org\/{rel}","templated":true}]}}