{"id":3,"date":"2022-11-16T13:55:08","date_gmt":"2022-11-16T12:55:08","guid":{"rendered":"http:\/\/vsneumarkt.ac.at\/?page_id=3"},"modified":"2025-11-03T08:52:59","modified_gmt":"2025-11-03T07:52:59","slug":"datenschutzerklaerung","status":"publish","type":"page","link":"http:\/\/vsneumarkt.ac.at\/?page_id=3","title":{"rendered":"Impressum"},"content":{"rendered":"\n<p>Website: http:\/\/www.vsneumarkt.ac.at.<\/p>\n\n\n\n<p>F\u00fcr den Inhalt verantwortlich: Volksschule Neumarkt an der Ybbs<\/p>\n\n\n\n<p>Datenschutz:&nbsp;<a href=\"https:\/\/bildung.bmbwf.gv.at\/datenschutz\" target=\"_blank\" rel=\"noreferrer noopener\">https:\/\/bildung.bmbwf.gv.at\/datenschutz<\/a><\/p>\n\n\n\n<p><\/p>\n\n\n\n<h5 class=\"wp-block-heading\">SONSTIGE ANGABEN\/URHEBERRECHT:<\/h5>\n\n\n\n<p>Alle verwendeten Grafiken und Bilder sind urheberrechtlich gesch\u00fctzt. S\u00e4mtliche Fotos  oder Textausz\u00fcge d\u00fcrfen nur mit Genehmigung des Urhebers bzw. der Volksschule Neumarkt an der Ybbs kopiert und weiterverwendet werden. Das Urheberrecht f\u00fcr die ver\u00f6ffentlichten Texte liegt ebenfalls beim Betreiber der Seite. Einzelne Textpassagen sowie vollst\u00e4ndige Texte d\u00fcrfen zitiert werden, sofern Urheber und Quelle kenntlich gemacht werden.&nbsp;<\/p>\n\n\n\n<h5 class=\"wp-block-heading\">RECHTLICHER HINWEIS:<\/h5>\n\n\n\n<p>Die Inhalte unserer Internetseite werden mit gr\u00f6\u00dfter Sorgfalt recherchiert. Der Anbieter kann keine Haftung f\u00fcr die Richtigkeit, Vollst\u00e4ndigkeit und Aktualit\u00e4t der bereitgestellten Informationen \u00fcbernehmen. <\/p>\n\n\n\n<p>Bannerfotos \/Symbolfotos<br><a href=\"https:\/\/www.pexels.com\/de-de\/\">Pexels <\/a>und <a href=\"https:\/\/pixabay.com\/\">Pixabay<\/a><\/p>\n\n\n\n<h2 class=\"wp-block-heading\">Erkl\u00e4rung zur Barrierefreiheit<\/h2>\n\n\n\n<p>Stand der Vereinbarkeit mit den Anforderungen.<\/p>\n\n\n\n<p>Diese Erkl\u00e4rung zur Barrierefreiheit gilt f\u00fcr die Website&nbsp;<a href=\"https:\/\/vs.neumarkt.ac.at\" target=\"_blank\" rel=\"noreferrer noopener\">https:\/\/vs.neumarkt.ac.at<\/a> <\/p>\n\n\n\n<p>Diese Website ist teilweise mit dem Web-Zug\u00e4nglichkeits-Gesetz (WZG) in Verbindung mit der Richtlinie (EU) 2016\/2102 vereinbar.<\/p>\n\n\n\n<p><strong>Nicht barrierefreie Inhalte<\/strong><\/p>\n\n\n\n<p>\u2022PDF-Dokumente sind teilweise noch nicht barrierefrei.<br>\u2022Videos verf\u00fcgen derzeit nicht \u00fcber Untertitel.<br>\u2022Die Tastaturbedienung ist in einzelnen Bereichen eingeschr\u00e4nkt.<br>Wir arbeiten daran, diese M\u00e4ngel sukzessive zu beheben.<\/p>\n\n\n\n<p><strong>Erstellung dieser Erkl\u00e4rung<\/strong><br>Diese Erkl\u00e4rung wurde am 19. September 2025 erstellt.<br>Die Beurteilung der Vereinbarkeit mit den Anforderungen beruht auf:<br>\u2022einer Selbstbewertung der Website und<br>\u2022automatisierten Accessibility-Tests mit WAVE.<\/p>\n\n\n\n<p>Die Erkl\u00e4rung wurde zuletzt am 15. September 2025 \u00fcberpr\u00fcft.<\/p>\n\n\n\n<p><strong>Feedback und Kontakt<\/strong><br>Wenn Ihnen Barrieren auf dieser Website auffallen, bitten wir Sie, uns zu kontaktieren:<\/p>\n\n\n\n<p>E-Mail: <a href=\"mailto:s315321@noeschule.at\" target=\"_blank\" rel=\"noreferrer noopener\">vs.neumarkt@noeschule.at<\/a><\/p>\n\n\n\n<p><\/p>\n","protected":false},"excerpt":{"rendered":"<p>Website: http:\/\/www.vsneumarkt.ac.at. F\u00fcr den Inhalt verantwortlich: Volksschule Neumarkt an der Ybbs Datenschutz:&nbsp;https:\/\/bildung.bmbwf.gv.at\/datenschutz SONSTIGE ANGABEN\/URHEBERRECHT: Alle verwendeten Grafiken und Bilder sind urheberrechtlich gesch\u00fctzt. S\u00e4mtliche Fotos oder Textausz\u00fcge d\u00fcrfen nur mit Genehmigung des Urhebers bzw. der Volksschule Neumarkt an der Ybbs kopiert und weiterverwendet werden. Das Urheberrecht f\u00fcr die ver\u00f6ffentlichten Texte liegt ebenfalls beim Betreiber der Seite. [&hellip;]<\/p>\n","protected":false},"author":1,"featured_media":0,"parent":0,"menu_order":0,"comment_status":"closed","ping_status":"open","template":"","meta":{"ngg_post_thumbnail":0,"footnotes":""},"class_list":["post-3","page","type-page","status-publish","hentry"],"_links":{"self":[{"href":"http:\/\/vsneumarkt.ac.at\/index.php?rest_route=\/wp\/v2\/pages\/3","targetHints":{"allow":["GET"]}}],"collection":[{"href":"http:\/\/vsneumarkt.ac.at\/index.php?rest_route=\/wp\/v2\/pages"}],"about":[{"href":"http:\/\/vsneumarkt.ac.at\/index.php?rest_route=\/wp\/v2\/types\/page"}],"author":[{"embeddable":true,"href":"http:\/\/vsneumarkt.ac.at\/index.php?rest_route=\/wp\/v2\/users\/1"}],"replies":[{"embeddable":true,"href":"http:\/\/vsneumarkt.ac.at\/index.php?rest_route=%2Fwp%2Fv2%2Fcomments&post=3"}],"version-history":[{"count":13,"href":"http:\/\/vsneumarkt.ac.at\/index.php?rest_route=\/wp\/v2\/pages\/3\/revisions"}],"predecessor-version":[{"id":2166,"href":"http:\/\/vsneumarkt.ac.at\/index.php?rest_route=\/wp\/v2\/pages\/3\/revisions\/2166"}],"wp:attachment":[{"href":"http:\/\/vsneumarkt.ac.at\/index.php?rest_route=%2Fwp%2Fv2%2Fmedia&parent=3"}],"curies":[{"name":"wp","href":"https:\/\/api.w.org\/{rel}","templated":true}]}}