{"id":270,"date":"2023-04-27T07:36:33","date_gmt":"2023-04-27T05:36:33","guid":{"rendered":"http:\/\/vsneumarkt.ac.at\/?page_id=270"},"modified":"2024-09-15T08:24:58","modified_gmt":"2024-09-15T06:24:58","slug":"unverbindliche-uebungen","status":"publish","type":"page","link":"http:\/\/vsneumarkt.ac.at\/?page_id=270","title":{"rendered":"Unverbindliche \u00dcbungen"},"content":{"rendered":"\n<p>Als Musikvolksschule stehen bei uns das Singen, Musizieren, Tanzen und der Rhythmus hoch im Kurs. Deswegen k\u00f6nnen wir zus\u00e4tzlich zum lehrplanm\u00e4\u00dfigen Unterricht eine gro\u00dfe Auswahl an unverbindlichen \u00dcbungen f\u00fcr alle Sch\u00fclerinnen und Sch\u00fcler anbieten.<\/p>\n\n\n\n<div class=\"wp-block-media-text alignwide is-stacked-on-mobile is-vertically-aligned-center\" style=\"grid-template-columns:18% auto\"><figure class=\"wp-block-media-text__media\"><img loading=\"lazy\" decoding=\"async\" width=\"1024\" height=\"570\" src=\"http:\/\/vsneumarkt.ac.at\/wp-content\/uploads\/2023\/08\/choral-3871734_1280-1024x570.png\" alt=\"\" class=\"wp-image-618 size-full\" srcset=\"http:\/\/vsneumarkt.ac.at\/wp-content\/uploads\/2023\/08\/choral-3871734_1280-1024x570.png 1024w, http:\/\/vsneumarkt.ac.at\/wp-content\/uploads\/2023\/08\/choral-3871734_1280-300x167.png 300w, http:\/\/vsneumarkt.ac.at\/wp-content\/uploads\/2023\/08\/choral-3871734_1280-768x428.png 768w, http:\/\/vsneumarkt.ac.at\/wp-content\/uploads\/2023\/08\/choral-3871734_1280-900x501.png 900w, http:\/\/vsneumarkt.ac.at\/wp-content\/uploads\/2023\/08\/choral-3871734_1280.png 1280w\" sizes=\"auto, (max-width: 1024px) 100vw, 1024px\" \/><\/figure><div class=\"wp-block-media-text__content\">\n<p class=\"has-accent-color has-text-color has-large-font-size\">Musikwerkstatt &#8211; Chor <\/p>\n\n\n\n<p>M\u00f6chtest du deine Stimme schulen, dein Rhythmusgef\u00fchl verbessern und mit vielen anderen Sch\u00fclerinnen und Sch\u00fclern die W\u00e4nde zum Wackeln bringen? Solltest du musikbegeistert sein und gerne auch Feste und Feierlichkeiten mitgestalten wollen, dann bist du hier genau richtig.<\/p>\n<\/div><\/div>\n\n\n\n<div class=\"wp-block-media-text alignwide is-stacked-on-mobile is-vertically-aligned-center\" style=\"grid-template-columns:19% auto\"><figure class=\"wp-block-media-text__media\"><img loading=\"lazy\" decoding=\"async\" width=\"1024\" height=\"512\" src=\"http:\/\/vsneumarkt.ac.at\/wp-content\/uploads\/2023\/08\/ballet-7604754_1280-1024x512.png\" alt=\"\" class=\"wp-image-616 size-full\" srcset=\"http:\/\/vsneumarkt.ac.at\/wp-content\/uploads\/2023\/08\/ballet-7604754_1280-1024x512.png 1024w, http:\/\/vsneumarkt.ac.at\/wp-content\/uploads\/2023\/08\/ballet-7604754_1280-300x150.png 300w, http:\/\/vsneumarkt.ac.at\/wp-content\/uploads\/2023\/08\/ballet-7604754_1280-768x384.png 768w, http:\/\/vsneumarkt.ac.at\/wp-content\/uploads\/2023\/08\/ballet-7604754_1280-900x450.png 900w, http:\/\/vsneumarkt.ac.at\/wp-content\/uploads\/2023\/08\/ballet-7604754_1280.png 1280w\" sizes=\"auto, (max-width: 1024px) 100vw, 1024px\" \/><\/figure><div class=\"wp-block-media-text__content\">\n<p class=\"has-accent-color has-text-color has-large-font-size\">Tanz<\/p>\n\n\n\n<p>Bewegst du dich gerne zur Musik? M\u00f6chtest du deine Balance, Koordinationsf\u00e4higkeit, dein Rhythmusgef\u00fchl und die Teamf\u00e4higkeit schulen? Solltest du tanzbegeistert sein und gerne auch Feste und Feierlichkeiten mitgestalten wollen, dann bist du hier genau richtig.<\/p>\n<\/div><\/div>\n\n\n\n<div class=\"wp-block-media-text alignwide is-stacked-on-mobile is-vertically-aligned-center\" style=\"grid-template-columns:19% auto\"><figure class=\"wp-block-media-text__media\"><img loading=\"lazy\" decoding=\"async\" width=\"1024\" height=\"742\" src=\"http:\/\/vsneumarkt.ac.at\/wp-content\/uploads\/2023\/08\/masks-gc7a23a8f8_1280-1024x742.png\" alt=\"\" class=\"wp-image-456 size-full\" srcset=\"http:\/\/vsneumarkt.ac.at\/wp-content\/uploads\/2023\/08\/masks-gc7a23a8f8_1280-1024x742.png 1024w, http:\/\/vsneumarkt.ac.at\/wp-content\/uploads\/2023\/08\/masks-gc7a23a8f8_1280-300x217.png 300w, http:\/\/vsneumarkt.ac.at\/wp-content\/uploads\/2023\/08\/masks-gc7a23a8f8_1280-768x556.png 768w, http:\/\/vsneumarkt.ac.at\/wp-content\/uploads\/2023\/08\/masks-gc7a23a8f8_1280-900x652.png 900w, http:\/\/vsneumarkt.ac.at\/wp-content\/uploads\/2023\/08\/masks-gc7a23a8f8_1280.png 1280w\" sizes=\"auto, (max-width: 1024px) 100vw, 1024px\" \/><\/figure><div class=\"wp-block-media-text__content\">\n<p class=\"has-accent-color has-text-color has-large-font-size\">Musikalisches Gestalten \u2013 Theater<\/p>\n\n\n\n<p>Schl\u00fcpfst du gerne in andere Rollen? Bist du gerne bei Auff\u00fchrungen dabei? Im Theaterspiel kannst du das alles ausleben und gemeinsam St\u00fccke auf die B\u00fchne bringen.<\/p>\n<\/div><\/div>\n\n\n\n<div class=\"wp-block-media-text alignwide is-stacked-on-mobile is-vertically-aligned-center\" style=\"grid-template-columns:18% auto\"><figure class=\"wp-block-media-text__media\"><img loading=\"lazy\" decoding=\"async\" width=\"996\" height=\"1024\" src=\"http:\/\/vsneumarkt.ac.at\/wp-content\/uploads\/2023\/08\/internet-42583_1280-996x1024.png\" alt=\"\" class=\"wp-image-619 size-full\" srcset=\"http:\/\/vsneumarkt.ac.at\/wp-content\/uploads\/2023\/08\/internet-42583_1280-996x1024.png 996w, http:\/\/vsneumarkt.ac.at\/wp-content\/uploads\/2023\/08\/internet-42583_1280-292x300.png 292w, http:\/\/vsneumarkt.ac.at\/wp-content\/uploads\/2023\/08\/internet-42583_1280-768x790.png 768w, http:\/\/vsneumarkt.ac.at\/wp-content\/uploads\/2023\/08\/internet-42583_1280-900x925.png 900w, http:\/\/vsneumarkt.ac.at\/wp-content\/uploads\/2023\/08\/internet-42583_1280.png 1245w\" sizes=\"auto, (max-width: 996px) 100vw, 996px\" \/><\/figure><div class=\"wp-block-media-text__content\">\n<p class=\"has-accent-color has-text-color has-large-font-size\">Digitale Medienwerkstatt \u2013 Informatik<\/p>\n\n\n\n<p>M\u00f6chtest du mit den iPads und den Smartboards arbeiten? Im Mittelpunkt steht auch die sinnvolle Verwendung digitaler Medien. SAFER INTERNET und wie man sich im Internet richtig bewegt, soll in dieser Unterrichtseinheit zum Thema gemacht werden.<\/p>\n<\/div><\/div>\n\n\n\n<div class=\"wp-block-media-text alignwide is-stacked-on-mobile is-vertically-aligned-center\" style=\"grid-template-columns:19% auto\"><figure class=\"wp-block-media-text__media\"><img loading=\"lazy\" decoding=\"async\" width=\"1024\" height=\"746\" src=\"http:\/\/vsneumarkt.ac.at\/wp-content\/uploads\/2023\/08\/art-1294890_1280-1024x746.png\" alt=\"\" class=\"wp-image-620 size-full\" srcset=\"http:\/\/vsneumarkt.ac.at\/wp-content\/uploads\/2023\/08\/art-1294890_1280-1024x746.png 1024w, http:\/\/vsneumarkt.ac.at\/wp-content\/uploads\/2023\/08\/art-1294890_1280-300x219.png 300w, http:\/\/vsneumarkt.ac.at\/wp-content\/uploads\/2023\/08\/art-1294890_1280-768x560.png 768w, http:\/\/vsneumarkt.ac.at\/wp-content\/uploads\/2023\/08\/art-1294890_1280-900x656.png 900w, http:\/\/vsneumarkt.ac.at\/wp-content\/uploads\/2023\/08\/art-1294890_1280.png 1280w\" sizes=\"auto, (max-width: 1024px) 100vw, 1024px\" \/><\/figure><div class=\"wp-block-media-text__content\">\n<p class=\"has-accent-color has-text-color has-large-font-size\">Malwerkstatt<\/p>\n\n\n\n<p>Probierst du gerne verschiedene Mal- und Zeichentechniken aus? Experimentierst du gerne mit Farben und Zeichenmaterial? In dieser Werkstatt steht die Freude am Tun im Vordergrund.<\/p>\n<\/div><\/div>\n\n\n\n<div class=\"wp-block-media-text alignwide is-stacked-on-mobile is-vertically-aligned-center\" style=\"grid-template-columns:19% auto\"><figure class=\"wp-block-media-text__media\"><img loading=\"lazy\" decoding=\"async\" width=\"1024\" height=\"512\" src=\"http:\/\/vsneumarkt.ac.at\/wp-content\/uploads\/2023\/08\/chef-1417239_1280-1024x512.png\" alt=\"\" class=\"wp-image-622 size-full\" srcset=\"http:\/\/vsneumarkt.ac.at\/wp-content\/uploads\/2023\/08\/chef-1417239_1280-1024x512.png 1024w, http:\/\/vsneumarkt.ac.at\/wp-content\/uploads\/2023\/08\/chef-1417239_1280-300x150.png 300w, http:\/\/vsneumarkt.ac.at\/wp-content\/uploads\/2023\/08\/chef-1417239_1280-768x384.png 768w, http:\/\/vsneumarkt.ac.at\/wp-content\/uploads\/2023\/08\/chef-1417239_1280-900x450.png 900w, http:\/\/vsneumarkt.ac.at\/wp-content\/uploads\/2023\/08\/chef-1417239_1280.png 1280w\" sizes=\"auto, (max-width: 1024px) 100vw, 1024px\" \/><\/figure><div class=\"wp-block-media-text__content\">\n<p class=\"has-accent-color has-text-color has-large-font-size\">Ern\u00e4hrung und Haushalt<\/p>\n\n\n\n<p>Kochst du gerne? Besch\u00e4ftigst du dich mit Lebensmitteln und bereitest du freudig Men\u00fcs zu? In Ern\u00e4hrung und Haushalt lernst du dazu eine Menge.<\/p>\n<\/div><\/div>\n\n\n\n<div class=\"wp-block-media-text alignwide is-stacked-on-mobile is-vertically-aligned-center\" style=\"grid-template-columns:19% auto\"><figure class=\"wp-block-media-text__media\"><img loading=\"lazy\" decoding=\"async\" width=\"798\" height=\"1024\" src=\"http:\/\/vsneumarkt.ac.at\/wp-content\/uploads\/2023\/08\/girl-309374_1280-798x1024.png\" alt=\"\" class=\"wp-image-624 size-full\" srcset=\"http:\/\/vsneumarkt.ac.at\/wp-content\/uploads\/2023\/08\/girl-309374_1280-798x1024.png 798w, http:\/\/vsneumarkt.ac.at\/wp-content\/uploads\/2023\/08\/girl-309374_1280-234x300.png 234w, http:\/\/vsneumarkt.ac.at\/wp-content\/uploads\/2023\/08\/girl-309374_1280-768x986.png 768w, http:\/\/vsneumarkt.ac.at\/wp-content\/uploads\/2023\/08\/girl-309374_1280-900x1155.png 900w, http:\/\/vsneumarkt.ac.at\/wp-content\/uploads\/2023\/08\/girl-309374_1280.png 997w\" sizes=\"auto, (max-width: 798px) 100vw, 798px\" \/><\/figure><div class=\"wp-block-media-text__content\">\n<p class=\"has-accent-color has-text-color has-large-font-size\">Ballspiele<\/p>\n\n\n\n<p>Die unverbindliche \u00dcbung Ballspiele ist f\u00fcr alle Kinder, die gerne zus\u00e4tzlich Sport machen und Freude an der Bewegung mit B\u00e4llen haben. Spielst du gerne Ballspiele, dann bist du hier genau richtig.<\/p>\n<\/div><\/div>\n","protected":false},"excerpt":{"rendered":"<p>Als Musikvolksschule stehen bei uns das Singen, Musizieren, Tanzen und der Rhythmus hoch im Kurs. Deswegen k\u00f6nnen wir zus\u00e4tzlich zum lehrplanm\u00e4\u00dfigen Unterricht eine gro\u00dfe Auswahl an unverbindlichen \u00dcbungen f\u00fcr alle Sch\u00fclerinnen und Sch\u00fcler anbieten. Musikwerkstatt &#8211; Chor M\u00f6chtest du deine Stimme schulen, dein Rhythmusgef\u00fchl verbessern und mit vielen anderen Sch\u00fclerinnen und Sch\u00fclern die W\u00e4nde zum [&hellip;]<\/p>\n","protected":false},"author":1,"featured_media":0,"parent":0,"menu_order":0,"comment_status":"closed","ping_status":"closed","template":"","meta":{"ngg_post_thumbnail":0,"footnotes":""},"class_list":["post-270","page","type-page","status-publish","hentry"],"_links":{"self":[{"href":"http:\/\/vsneumarkt.ac.at\/index.php?rest_route=\/wp\/v2\/pages\/270","targetHints":{"allow":["GET"]}}],"collection":[{"href":"http:\/\/vsneumarkt.ac.at\/index.php?rest_route=\/wp\/v2\/pages"}],"about":[{"href":"http:\/\/vsneumarkt.ac.at\/index.php?rest_route=\/wp\/v2\/types\/page"}],"author":[{"embeddable":true,"href":"http:\/\/vsneumarkt.ac.at\/index.php?rest_route=\/wp\/v2\/users\/1"}],"replies":[{"embeddable":true,"href":"http:\/\/vsneumarkt.ac.at\/index.php?rest_route=%2Fwp%2Fv2%2Fcomments&post=270"}],"version-history":[{"count":23,"href":"http:\/\/vsneumarkt.ac.at\/index.php?rest_route=\/wp\/v2\/pages\/270\/revisions"}],"predecessor-version":[{"id":1535,"href":"http:\/\/vsneumarkt.ac.at\/index.php?rest_route=\/wp\/v2\/pages\/270\/revisions\/1535"}],"wp:attachment":[{"href":"http:\/\/vsneumarkt.ac.at\/index.php?rest_route=%2Fwp%2Fv2%2Fmedia&parent=270"}],"curies":[{"name":"wp","href":"https:\/\/api.w.org\/{rel}","templated":true}]}}